{"id":5759,"date":"2021-03-29T07:48:43","date_gmt":"2021-03-29T06:48:43","guid":{"rendered":"https:\/\/cafearabo.com\/sobre-nosaltres\/certificados-premios\/"},"modified":"2024-08-27T12:08:11","modified_gmt":"2024-08-27T11:08:11","slug":"certificats-premis","status":"publish","type":"page","link":"https:\/\/cafearabo.com\/ca\/sobre-nosaltres\/certificats-premis\/","title":{"rendered":"Qualitat i I+D"},"content":{"rendered":"\t\t<div data-elementor-type=\"wp-page\" data-elementor-id=\"5759\" class=\"elementor elementor-5759 elementor-142\" data-elementor-post-type=\"page\">\n\t\t\t\t\t\t<section class=\"elementor-section elementor-top-section elementor-element elementor-element-5efbedd8 elementor-section-content-middle elementor-section-boxed elementor-section-height-default elementor-section-height-default\" data-id=\"5efbedd8\" data-element_type=\"section\" data-settings=\"{&quot;background_background&quot;:&quot;classic&quot;}\">\n\t\t\t\t\t\t<div class=\"elementor-container elementor-column-gap-no\">\n\t\t\t\t\t<div class=\"elementor-column elementor-col-100 elementor-top-column elementor-element elementor-element-bf4fffb\" data-id=\"bf4fffb\" data-element_type=\"column\">\n\t\t\t<div class=\"elementor-widget-wrap elementor-element-populated\">\n\t\t\t\t\t\t<div class=\"elementor-element elementor-element-1ddcebb1 elementor-widget elementor-widget-heading\" data-id=\"1ddcebb1\" data-element_type=\"widget\" data-widget_type=\"heading.default\">\n\t\t\t\t<div class=\"elementor-widget-container\">\n\t\t\t\t\t<h1 class=\"elementor-heading-title elementor-size-default\">Qualitat i I+D<\/h1>\t\t\t\t<\/div>\n\t\t\t\t<\/div>\n\t\t\t\t\t<\/div>\n\t\t<\/div>\n\t\t\t\t\t<\/div>\n\t\t<\/section>\n\t\t\t\t<section class=\"elementor-section elementor-top-section elementor-element elementor-element-d755972 elementor-section-boxed elementor-section-height-default elementor-section-height-default\" data-id=\"d755972\" data-element_type=\"section\">\n\t\t\t\t\t\t<div class=\"elementor-container elementor-column-gap-default\">\n\t\t\t\t\t<div class=\"elementor-column elementor-col-100 elementor-top-column elementor-element elementor-element-08addb5\" data-id=\"08addb5\" data-element_type=\"column\">\n\t\t\t<div class=\"elementor-widget-wrap elementor-element-populated\">\n\t\t\t\t\t\t<div class=\"elementor-element elementor-element-c8af239 elementor-widget elementor-widget-heading\" data-id=\"c8af239\" data-element_type=\"widget\" data-widget_type=\"heading.default\">\n\t\t\t\t<div class=\"elementor-widget-container\">\n\t\t\t\t\t<h2 class=\"elementor-heading-title elementor-size-default\">Qualitat en els nostres productes<\/h2>\t\t\t\t<\/div>\n\t\t\t\t<\/div>\n\t\t\t\t\t<\/div>\n\t\t<\/div>\n\t\t\t\t\t<\/div>\n\t\t<\/section>\n\t\t\t\t<section class=\"elementor-section elementor-top-section elementor-element elementor-element-1c381d35 elementor-section-boxed elementor-section-height-default elementor-section-height-default\" data-id=\"1c381d35\" data-element_type=\"section\">\n\t\t\t\t\t\t<div class=\"elementor-container elementor-column-gap-no\">\n\t\t\t\t\t<div class=\"elementor-column elementor-col-50 elementor-top-column elementor-element elementor-element-c0a14db\" data-id=\"c0a14db\" data-element_type=\"column\">\n\t\t\t<div class=\"elementor-widget-wrap elementor-element-populated\">\n\t\t\t\t\t\t<div class=\"elementor-element elementor-element-24bf2ead elementor-widget elementor-widget-text-editor\" data-id=\"24bf2ead\" data-element_type=\"widget\" data-widget_type=\"text-editor.default\">\n\t\t\t\t<div class=\"elementor-widget-container\">\n\t\t\t\t\t\t\t\t\t<p>Tots els productes que fabriquem estan basats en el\u00a0<strong>sistema APPCC<\/strong> (An\u00e0lisi de perills i punts de control cr\u00edtic). Es realitzen controls des de la recepci\u00f3 de la mat\u00e8ria primera fins al lliurament del producte final per al client. A m\u00e9s estem certificats com a\u00a0<strong>empresa productora de caf\u00e8 ecol\u00f2gic<\/strong>. El principal objectiu de\u00a0Caf\u00e9 Arabo, \u00e9s aconseguir un sabor excel\u00b7lent i una qualitat uniforme. En c\u00e0psules l&#8217;aconseguim mitjan\u00e7ant una c\u00e0psula estanca que permet conservar les propietats del caf\u00e8 recentment molt i envasat en atmosfera protectora per a oferir la m\u00e0xima satisfacci\u00f3 als consumidors en cada xarrup de\u00a0Caf\u00e9 Arabo.<\/p>\t\t\t\t\t\t\t\t<\/div>\n\t\t\t\t<\/div>\n\t\t\t\t<div class=\"elementor-element elementor-element-585e4dc elementor-hidden-desktop elementor-hidden-tablet elementor-hidden-mobile elementor-widget elementor-widget-image\" data-id=\"585e4dc\" data-element_type=\"widget\" data-widget_type=\"image.default\">\n\t\t\t\t<div class=\"elementor-widget-container\">\n\t\t\t\t\t\t\t\t\t\t\t\t\t\t\t<img fetchpriority=\"high\" decoding=\"async\" width=\"300\" height=\"300\" src=\"https:\/\/cafearabo.com\/wp-content\/uploads\/2021\/04\/logos-certificados-300x300.png\" class=\"attachment-medium size-medium wp-image-4916\" alt=\"\" srcset=\"https:\/\/cafearabo.com\/wp-content\/uploads\/2021\/04\/logos-certificados-300x300.png 300w, https:\/\/cafearabo.com\/wp-content\/uploads\/2021\/04\/logos-certificados-100x100.png 100w, https:\/\/cafearabo.com\/wp-content\/uploads\/2021\/04\/logos-certificados-600x600.png 600w, https:\/\/cafearabo.com\/wp-content\/uploads\/2021\/04\/logos-certificados-1024x1024.png 1024w, https:\/\/cafearabo.com\/wp-content\/uploads\/2021\/04\/logos-certificados-150x150.png 150w, https:\/\/cafearabo.com\/wp-content\/uploads\/2021\/04\/logos-certificados-768x768.png 768w, https:\/\/cafearabo.com\/wp-content\/uploads\/2021\/04\/logos-certificados.png 1080w\" sizes=\"(max-width: 300px) 100vw, 300px\" \/>\t\t\t\t\t\t\t\t\t\t\t\t\t\t\t<\/div>\n\t\t\t\t<\/div>\n\t\t\t\t\t<\/div>\n\t\t<\/div>\n\t\t\t\t<div class=\"elementor-column elementor-col-50 elementor-top-column elementor-element elementor-element-1b9b36d9\" data-id=\"1b9b36d9\" data-element_type=\"column\">\n\t\t\t<div class=\"elementor-widget-wrap elementor-element-populated\">\n\t\t\t\t\t\t<div class=\"elementor-element elementor-element-9337f1a elementor-widget elementor-widget-text-editor\" data-id=\"9337f1a\" data-element_type=\"widget\" data-widget_type=\"text-editor.default\">\n\t\t\t\t<div class=\"elementor-widget-container\">\n\t\t\t\t\t\t\t\t\t<p>La gamma de caf\u00e8 en gra \u00e9s envasada en bosses de complex triple amb v\u00e0lvula pensant en la qualitat i frescor d&#8217;aquest. Per a aconseguir aquest objectiu que aparentment hauria de ser el m\u00e9s habitual,\u00a0Caf\u00e9 Arabo, combina caf\u00e8s de diferents varietats d&#8217;Ar\u00e0biga i Robusta, \u00fanicament amb\u00a0<strong>torrats naturals<\/strong>, sense rec\u00f3rrer a torrefactes. El nostre caf\u00e8 descafe\u00efnat, tamb\u00e9 ha estat descafe\u00efnat amb el proc\u00e9s de saturaci\u00f3 d&#8217;aigua, el proc\u00e9s m\u00e9s sa i natural. Com a resultat de tots aquests esfor\u00e7os,\u00a0Caf\u00e9 Arabo, garanteix la <strong>m\u00e0xima qualitat i sabor<\/strong>\u00a0en totes les seves varietats de caf\u00e8.<\/p>\t\t\t\t\t\t\t\t<\/div>\n\t\t\t\t<\/div>\n\t\t\t\t\t<\/div>\n\t\t<\/div>\n\t\t\t\t\t<\/div>\n\t\t<\/section>\n\t\t\t\t<section class=\"elementor-section elementor-top-section elementor-element elementor-element-0004420 elementor-section-boxed elementor-section-height-default elementor-section-height-default\" data-id=\"0004420\" data-element_type=\"section\">\n\t\t\t\t\t\t<div class=\"elementor-container elementor-column-gap-default\">\n\t\t\t\t\t<div class=\"elementor-column elementor-col-25 elementor-top-column elementor-element elementor-element-6345bc3\" data-id=\"6345bc3\" data-element_type=\"column\">\n\t\t\t<div class=\"elementor-widget-wrap elementor-element-populated\">\n\t\t\t\t\t\t<div class=\"elementor-element elementor-element-95850f4 elementor-widget elementor-widget-image\" data-id=\"95850f4\" data-element_type=\"widget\" data-widget_type=\"image.default\">\n\t\t\t\t<div class=\"elementor-widget-container\">\n\t\t\t\t\t\t\t\t\t\t\t\t\t\t\t<img decoding=\"async\" width=\"673\" height=\"1024\" src=\"https:\/\/cafearabo.com\/wp-content\/uploads\/2024\/07\/estuche-tipos-de-cafes-aromas-sabores-1.jpg\" class=\"attachment-large size-large wp-image-10919\" alt=\"\" srcset=\"https:\/\/cafearabo.com\/wp-content\/uploads\/2024\/07\/estuche-tipos-de-cafes-aromas-sabores-1.jpg 673w, https:\/\/cafearabo.com\/wp-content\/uploads\/2024\/07\/estuche-tipos-de-cafes-aromas-sabores-1-197x300.jpg 197w, https:\/\/cafearabo.com\/wp-content\/uploads\/2024\/07\/estuche-tipos-de-cafes-aromas-sabores-1-600x913.jpg 600w\" sizes=\"(max-width: 673px) 100vw, 673px\" \/>\t\t\t\t\t\t\t\t\t\t\t\t\t\t\t<\/div>\n\t\t\t\t<\/div>\n\t\t\t\t\t<\/div>\n\t\t<\/div>\n\t\t\t\t<div class=\"elementor-column elementor-col-25 elementor-top-column elementor-element elementor-element-092ef69\" data-id=\"092ef69\" data-element_type=\"column\">\n\t\t\t<div class=\"elementor-widget-wrap elementor-element-populated\">\n\t\t\t\t\t\t<div class=\"elementor-element elementor-element-d38118d elementor-widget elementor-widget-image\" data-id=\"d38118d\" data-element_type=\"widget\" data-widget_type=\"image.default\">\n\t\t\t\t<div class=\"elementor-widget-container\">\n\t\t\t\t\t\t\t\t\t\t\t\t\t\t\t<img decoding=\"async\" width=\"632\" height=\"1024\" src=\"https:\/\/cafearabo.com\/wp-content\/uploads\/2024\/07\/laboratorio-cafes-investigacion-composiciones-1.jpg\" class=\"attachment-large size-large wp-image-10922\" alt=\"\" srcset=\"https:\/\/cafearabo.com\/wp-content\/uploads\/2024\/07\/laboratorio-cafes-investigacion-composiciones-1.jpg 632w, https:\/\/cafearabo.com\/wp-content\/uploads\/2024\/07\/laboratorio-cafes-investigacion-composiciones-1-185x300.jpg 185w, https:\/\/cafearabo.com\/wp-content\/uploads\/2024\/07\/laboratorio-cafes-investigacion-composiciones-1-600x972.jpg 600w\" sizes=\"(max-width: 632px) 100vw, 632px\" \/>\t\t\t\t\t\t\t\t\t\t\t\t\t\t\t<\/div>\n\t\t\t\t<\/div>\n\t\t\t\t\t<\/div>\n\t\t<\/div>\n\t\t\t\t<div class=\"elementor-column elementor-col-50 elementor-top-column elementor-element elementor-element-905c013\" data-id=\"905c013\" data-element_type=\"column\">\n\t\t\t<div class=\"elementor-widget-wrap elementor-element-populated\">\n\t\t\t\t\t\t<div class=\"elementor-element elementor-element-11751ea elementor-widget elementor-widget-image\" data-id=\"11751ea\" data-element_type=\"widget\" data-widget_type=\"image.default\">\n\t\t\t\t<div class=\"elementor-widget-container\">\n\t\t\t\t\t\t\t\t\t\t\t\t\t\t\t<img loading=\"lazy\" decoding=\"async\" width=\"800\" height=\"581\" src=\"https:\/\/cafearabo.com\/wp-content\/uploads\/2024\/07\/showroom-despachos-investigaciones-tipos-cafes-1-1024x744.jpg\" class=\"attachment-large size-large wp-image-10925\" alt=\"\" srcset=\"https:\/\/cafearabo.com\/wp-content\/uploads\/2024\/07\/showroom-despachos-investigaciones-tipos-cafes-1-1024x744.jpg 1024w, https:\/\/cafearabo.com\/wp-content\/uploads\/2024\/07\/showroom-despachos-investigaciones-tipos-cafes-1-300x218.jpg 300w, https:\/\/cafearabo.com\/wp-content\/uploads\/2024\/07\/showroom-despachos-investigaciones-tipos-cafes-1-768x558.jpg 768w, https:\/\/cafearabo.com\/wp-content\/uploads\/2024\/07\/showroom-despachos-investigaciones-tipos-cafes-1-600x436.jpg 600w, https:\/\/cafearabo.com\/wp-content\/uploads\/2024\/07\/showroom-despachos-investigaciones-tipos-cafes-1.jpg 1409w\" sizes=\"(max-width: 800px) 100vw, 800px\" \/>\t\t\t\t\t\t\t\t\t\t\t\t\t\t\t<\/div>\n\t\t\t\t<\/div>\n\t\t\t\t\t<\/div>\n\t\t<\/div>\n\t\t\t\t\t<\/div>\n\t\t<\/section>\n\t\t\t\t<section class=\"elementor-section elementor-top-section elementor-element elementor-element-65a30ab elementor-section-boxed elementor-section-height-default elementor-section-height-default\" data-id=\"65a30ab\" data-element_type=\"section\">\n\t\t\t\t\t\t<div class=\"elementor-container elementor-column-gap-default\">\n\t\t\t\t\t<div class=\"elementor-column elementor-col-33 elementor-top-column elementor-element elementor-element-0f7c8ae\" data-id=\"0f7c8ae\" data-element_type=\"column\">\n\t\t\t<div class=\"elementor-widget-wrap elementor-element-populated\">\n\t\t\t\t\t\t<div class=\"elementor-element elementor-element-807abaa elementor-widget elementor-widget-image\" data-id=\"807abaa\" data-element_type=\"widget\" data-widget_type=\"image.default\">\n\t\t\t\t<div class=\"elementor-widget-container\">\n\t\t\t\t\t\t\t\t\t\t\t\t\t\t\t<img loading=\"lazy\" decoding=\"async\" width=\"800\" height=\"534\" src=\"https:\/\/cafearabo.com\/wp-content\/uploads\/2021\/09\/cafe-tostado.jpeg\" class=\"attachment-large size-large wp-image-5561\" alt=\"\" srcset=\"https:\/\/cafearabo.com\/wp-content\/uploads\/2021\/09\/cafe-tostado.jpeg 1024w, https:\/\/cafearabo.com\/wp-content\/uploads\/2021\/09\/cafe-tostado-600x400.jpeg 600w, https:\/\/cafearabo.com\/wp-content\/uploads\/2021\/09\/cafe-tostado-300x200.jpeg 300w, https:\/\/cafearabo.com\/wp-content\/uploads\/2021\/09\/cafe-tostado-768x512.jpeg 768w\" sizes=\"(max-width: 800px) 100vw, 800px\" \/>\t\t\t\t\t\t\t\t\t\t\t\t\t\t\t<\/div>\n\t\t\t\t<\/div>\n\t\t\t\t\t<\/div>\n\t\t<\/div>\n\t\t\t\t<div class=\"elementor-column elementor-col-33 elementor-top-column elementor-element elementor-element-4566b21\" data-id=\"4566b21\" data-element_type=\"column\">\n\t\t\t<div class=\"elementor-widget-wrap elementor-element-populated\">\n\t\t\t\t\t\t<div class=\"elementor-element elementor-element-e15c495 elementor-widget elementor-widget-image\" data-id=\"e15c495\" data-element_type=\"widget\" data-widget_type=\"image.default\">\n\t\t\t\t<div class=\"elementor-widget-container\">\n\t\t\t\t\t\t\t\t\t\t\t\t\t\t\t<img loading=\"lazy\" decoding=\"async\" width=\"800\" height=\"527\" src=\"https:\/\/cafearabo.com\/wp-content\/uploads\/2021\/09\/calidad-cafe.jpeg\" class=\"attachment-large size-large wp-image-5563\" alt=\"\" srcset=\"https:\/\/cafearabo.com\/wp-content\/uploads\/2021\/09\/calidad-cafe.jpeg 1024w, https:\/\/cafearabo.com\/wp-content\/uploads\/2021\/09\/calidad-cafe-600x396.jpeg 600w, https:\/\/cafearabo.com\/wp-content\/uploads\/2021\/09\/calidad-cafe-300x198.jpeg 300w, https:\/\/cafearabo.com\/wp-content\/uploads\/2021\/09\/calidad-cafe-768x506.jpeg 768w\" sizes=\"(max-width: 800px) 100vw, 800px\" \/>\t\t\t\t\t\t\t\t\t\t\t\t\t\t\t<\/div>\n\t\t\t\t<\/div>\n\t\t\t\t\t<\/div>\n\t\t<\/div>\n\t\t\t\t<div class=\"elementor-column elementor-col-33 elementor-top-column elementor-element elementor-element-287538b\" data-id=\"287538b\" data-element_type=\"column\">\n\t\t\t<div class=\"elementor-widget-wrap elementor-element-populated\">\n\t\t\t\t\t\t<div class=\"elementor-element elementor-element-3aa8556 elementor-widget elementor-widget-image\" data-id=\"3aa8556\" data-element_type=\"widget\" data-widget_type=\"image.default\">\n\t\t\t\t<div class=\"elementor-widget-container\">\n\t\t\t\t\t\t\t\t\t\t\t\t\t\t\t<img loading=\"lazy\" decoding=\"async\" width=\"800\" height=\"534\" src=\"https:\/\/cafearabo.com\/wp-content\/uploads\/2021\/09\/premios-cafe.jpeg\" class=\"attachment-large size-large wp-image-5545\" alt=\"\" srcset=\"https:\/\/cafearabo.com\/wp-content\/uploads\/2021\/09\/premios-cafe.jpeg 1024w, https:\/\/cafearabo.com\/wp-content\/uploads\/2021\/09\/premios-cafe-600x400.jpeg 600w, https:\/\/cafearabo.com\/wp-content\/uploads\/2021\/09\/premios-cafe-300x200.jpeg 300w, https:\/\/cafearabo.com\/wp-content\/uploads\/2021\/09\/premios-cafe-768x512.jpeg 768w\" sizes=\"(max-width: 800px) 100vw, 800px\" \/>\t\t\t\t\t\t\t\t\t\t\t\t\t\t\t<\/div>\n\t\t\t\t<\/div>\n\t\t\t\t\t<\/div>\n\t\t<\/div>\n\t\t\t\t\t<\/div>\n\t\t<\/section>\n\t\t\t\t<section class=\"elementor-section elementor-top-section elementor-element elementor-element-247f706a elementor-section-boxed elementor-section-height-default elementor-section-height-default\" data-id=\"247f706a\" data-element_type=\"section\">\n\t\t\t\t\t\t<div class=\"elementor-container elementor-column-gap-default\">\n\t\t\t\t\t<div class=\"elementor-column elementor-col-100 elementor-top-column elementor-element elementor-element-6db7ca86\" data-id=\"6db7ca86\" data-element_type=\"column\">\n\t\t\t<div class=\"elementor-widget-wrap elementor-element-populated\">\n\t\t\t\t\t\t<div class=\"elementor-element elementor-element-6586e4ed elementor-widget elementor-widget-heading\" data-id=\"6586e4ed\" data-element_type=\"widget\" data-widget_type=\"heading.default\">\n\t\t\t\t<div class=\"elementor-widget-container\">\n\t\t\t\t\t<h2 class=\"elementor-heading-title elementor-size-default\">Control de qualitat en encapsulat<\/h2>\t\t\t\t<\/div>\n\t\t\t\t<\/div>\n\t\t\t\t\t<\/div>\n\t\t<\/div>\n\t\t\t\t\t<\/div>\n\t\t<\/section>\n\t\t\t\t<section class=\"elementor-section elementor-top-section elementor-element elementor-element-efedcd1 elementor-section-boxed elementor-section-height-default elementor-section-height-default\" data-id=\"efedcd1\" data-element_type=\"section\" data-settings=\"{&quot;background_background&quot;:&quot;slideshow&quot;,&quot;background_slideshow_gallery&quot;:[{&quot;id&quot;:972,&quot;url&quot;:&quot;https:\\\/\\\/cafearabo.com\\\/wp-content\\\/uploads\\\/2021\\\/04\\\/granos-de-cafe-scaled.jpg&quot;}],&quot;background_slideshow_loop&quot;:&quot;yes&quot;,&quot;background_slideshow_slide_duration&quot;:5000,&quot;background_slideshow_slide_transition&quot;:&quot;fade&quot;,&quot;background_slideshow_transition_duration&quot;:500}\">\n\t\t\t\t\t\t<div class=\"elementor-container elementor-column-gap-default\">\n\t\t\t\t\t<div class=\"elementor-column elementor-col-25 elementor-top-column elementor-element elementor-element-862d919\" data-id=\"862d919\" data-element_type=\"column\">\n\t\t\t<div class=\"elementor-widget-wrap elementor-element-populated\">\n\t\t\t\t\t\t<div class=\"elementor-element elementor-element-cc2802f elementor-widget elementor-widget-image\" data-id=\"cc2802f\" data-element_type=\"widget\" data-widget_type=\"image.default\">\n\t\t\t\t<div class=\"elementor-widget-container\">\n\t\t\t\t\t\t\t\t\t\t\t\t\t\t\t<img loading=\"lazy\" decoding=\"async\" width=\"150\" height=\"150\" src=\"https:\/\/cafearabo.com\/wp-content\/uploads\/2021\/04\/calidad-1-150x150.png\" class=\"attachment-thumbnail size-thumbnail wp-image-4920\" alt=\"\" srcset=\"https:\/\/cafearabo.com\/wp-content\/uploads\/2021\/04\/calidad-1-150x150.png 150w, https:\/\/cafearabo.com\/wp-content\/uploads\/2021\/04\/calidad-1-300x300.png 300w, https:\/\/cafearabo.com\/wp-content\/uploads\/2021\/04\/calidad-1-100x100.png 100w, https:\/\/cafearabo.com\/wp-content\/uploads\/2021\/04\/calidad-1-600x600.png 600w, https:\/\/cafearabo.com\/wp-content\/uploads\/2021\/04\/calidad-1-1024x1024.png 1024w, https:\/\/cafearabo.com\/wp-content\/uploads\/2021\/04\/calidad-1-768x768.png 768w, https:\/\/cafearabo.com\/wp-content\/uploads\/2021\/04\/calidad-1.png 1080w\" sizes=\"(max-width: 150px) 100vw, 150px\" \/>\t\t\t\t\t\t\t\t\t\t\t\t\t\t\t<\/div>\n\t\t\t\t<\/div>\n\t\t\t\t<div class=\"elementor-element elementor-element-ddfbb47 elementor-widget elementor-widget-heading\" data-id=\"ddfbb47\" data-element_type=\"widget\" data-widget_type=\"heading.default\">\n\t\t\t\t<div class=\"elementor-widget-container\">\n\t\t\t\t\t<p class=\"elementor-heading-title elementor-size-default\">Mesurament de s\u00f2lids totals dissolts<\/p>\t\t\t\t<\/div>\n\t\t\t\t<\/div>\n\t\t\t\t\t<\/div>\n\t\t<\/div>\n\t\t\t\t<div class=\"elementor-column elementor-col-25 elementor-top-column elementor-element elementor-element-53430fe\" data-id=\"53430fe\" data-element_type=\"column\">\n\t\t\t<div class=\"elementor-widget-wrap elementor-element-populated\">\n\t\t\t\t\t\t<div class=\"elementor-element elementor-element-f542038 elementor-widget elementor-widget-image\" data-id=\"f542038\" data-element_type=\"widget\" data-widget_type=\"image.default\">\n\t\t\t\t<div class=\"elementor-widget-container\">\n\t\t\t\t\t\t\t\t\t\t\t\t\t\t\t<img loading=\"lazy\" decoding=\"async\" width=\"150\" height=\"150\" src=\"https:\/\/cafearabo.com\/wp-content\/uploads\/2021\/04\/calidad-2-150x150.png\" class=\"attachment-thumbnail size-thumbnail wp-image-4921\" alt=\"\" srcset=\"https:\/\/cafearabo.com\/wp-content\/uploads\/2021\/04\/calidad-2-150x150.png 150w, https:\/\/cafearabo.com\/wp-content\/uploads\/2021\/04\/calidad-2-300x300.png 300w, https:\/\/cafearabo.com\/wp-content\/uploads\/2021\/04\/calidad-2-100x100.png 100w, https:\/\/cafearabo.com\/wp-content\/uploads\/2021\/04\/calidad-2-600x600.png 600w, https:\/\/cafearabo.com\/wp-content\/uploads\/2021\/04\/calidad-2-1024x1024.png 1024w, https:\/\/cafearabo.com\/wp-content\/uploads\/2021\/04\/calidad-2-768x768.png 768w, https:\/\/cafearabo.com\/wp-content\/uploads\/2021\/04\/calidad-2.png 1080w\" sizes=\"(max-width: 150px) 100vw, 150px\" \/>\t\t\t\t\t\t\t\t\t\t\t\t\t\t\t<\/div>\n\t\t\t\t<\/div>\n\t\t\t\t<div class=\"elementor-element elementor-element-e387c81 elementor-widget elementor-widget-heading\" data-id=\"e387c81\" data-element_type=\"widget\" data-widget_type=\"heading.default\">\n\t\t\t\t<div class=\"elementor-widget-container\">\n\t\t\t\t\t<p class=\"elementor-heading-title elementor-size-default\">Contingut d'oxigen i humitat<\/p>\t\t\t\t<\/div>\n\t\t\t\t<\/div>\n\t\t\t\t\t<\/div>\n\t\t<\/div>\n\t\t\t\t<div class=\"elementor-column elementor-col-25 elementor-top-column elementor-element elementor-element-bacb577\" data-id=\"bacb577\" data-element_type=\"column\">\n\t\t\t<div class=\"elementor-widget-wrap elementor-element-populated\">\n\t\t\t\t\t\t<div class=\"elementor-element elementor-element-def2b01 elementor-widget elementor-widget-image\" data-id=\"def2b01\" data-element_type=\"widget\" data-widget_type=\"image.default\">\n\t\t\t\t<div class=\"elementor-widget-container\">\n\t\t\t\t\t\t\t\t\t\t\t\t\t\t\t<img loading=\"lazy\" decoding=\"async\" width=\"150\" height=\"150\" src=\"https:\/\/cafearabo.com\/wp-content\/uploads\/2021\/04\/calidad-3-150x150.png\" class=\"attachment-thumbnail size-thumbnail wp-image-4922\" alt=\"\" srcset=\"https:\/\/cafearabo.com\/wp-content\/uploads\/2021\/04\/calidad-3-150x150.png 150w, https:\/\/cafearabo.com\/wp-content\/uploads\/2021\/04\/calidad-3-300x300.png 300w, https:\/\/cafearabo.com\/wp-content\/uploads\/2021\/04\/calidad-3-100x100.png 100w, https:\/\/cafearabo.com\/wp-content\/uploads\/2021\/04\/calidad-3-600x600.png 600w, https:\/\/cafearabo.com\/wp-content\/uploads\/2021\/04\/calidad-3-1024x1024.png 1024w, https:\/\/cafearabo.com\/wp-content\/uploads\/2021\/04\/calidad-3-768x768.png 768w, https:\/\/cafearabo.com\/wp-content\/uploads\/2021\/04\/calidad-3.png 1080w\" sizes=\"(max-width: 150px) 100vw, 150px\" \/>\t\t\t\t\t\t\t\t\t\t\t\t\t\t\t<\/div>\n\t\t\t\t<\/div>\n\t\t\t\t<div class=\"elementor-element elementor-element-37a5fb0 elementor-widget elementor-widget-heading\" data-id=\"37a5fb0\" data-element_type=\"widget\" data-widget_type=\"heading.default\">\n\t\t\t\t<div class=\"elementor-widget-container\">\n\t\t\t\t\t<p class=\"elementor-heading-title elementor-size-default\">Temps de flux<\/p>\t\t\t\t<\/div>\n\t\t\t\t<\/div>\n\t\t\t\t\t<\/div>\n\t\t<\/div>\n\t\t\t\t<div class=\"elementor-column elementor-col-25 elementor-top-column elementor-element elementor-element-c7983f5\" data-id=\"c7983f5\" data-element_type=\"column\">\n\t\t\t<div class=\"elementor-widget-wrap elementor-element-populated\">\n\t\t\t\t\t\t<div class=\"elementor-element elementor-element-a5f1996 elementor-widget elementor-widget-image\" data-id=\"a5f1996\" data-element_type=\"widget\" data-widget_type=\"image.default\">\n\t\t\t\t<div class=\"elementor-widget-container\">\n\t\t\t\t\t\t\t\t\t\t\t\t\t\t\t<img loading=\"lazy\" decoding=\"async\" width=\"150\" height=\"150\" src=\"https:\/\/cafearabo.com\/wp-content\/uploads\/2021\/04\/calidad-4-150x150.png\" class=\"attachment-thumbnail size-thumbnail wp-image-4923\" alt=\"\" srcset=\"https:\/\/cafearabo.com\/wp-content\/uploads\/2021\/04\/calidad-4-150x150.png 150w, https:\/\/cafearabo.com\/wp-content\/uploads\/2021\/04\/calidad-4-300x300.png 300w, https:\/\/cafearabo.com\/wp-content\/uploads\/2021\/04\/calidad-4-100x100.png 100w, https:\/\/cafearabo.com\/wp-content\/uploads\/2021\/04\/calidad-4-600x600.png 600w, https:\/\/cafearabo.com\/wp-content\/uploads\/2021\/04\/calidad-4-1024x1024.png 1024w, https:\/\/cafearabo.com\/wp-content\/uploads\/2021\/04\/calidad-4-768x768.png 768w, https:\/\/cafearabo.com\/wp-content\/uploads\/2021\/04\/calidad-4.png 1080w\" sizes=\"(max-width: 150px) 100vw, 150px\" \/>\t\t\t\t\t\t\t\t\t\t\t\t\t\t\t<\/div>\n\t\t\t\t<\/div>\n\t\t\t\t<div class=\"elementor-element elementor-element-1820221 elementor-widget elementor-widget-heading\" data-id=\"1820221\" data-element_type=\"widget\" data-widget_type=\"heading.default\">\n\t\t\t\t<div class=\"elementor-widget-container\">\n\t\t\t\t\t<p class=\"elementor-heading-title elementor-size-default\">Perfil de sabor<\/p>\t\t\t\t<\/div>\n\t\t\t\t<\/div>\n\t\t\t\t\t<\/div>\n\t\t<\/div>\n\t\t\t\t\t<\/div>\n\t\t<\/section>\n\t\t\t\t<\/div>\n\t\t","protected":false},"excerpt":{"rendered":"<p>Qualitat i I+D Qualitat en els nostres productes Tots els productes que fabriquem estan basats en el\u00a0sistema APPCC (An\u00e0lisi de perills i punts de control cr\u00edtic). Es realitzen controls des de la recepci\u00f3 de la mat\u00e8ria primera fins al lliurament del producte final per al client. A m\u00e9s estem certificats com a\u00a0empresa productora de caf\u00e8 [&hellip;]<\/p>\n","protected":false},"author":1,"featured_media":0,"parent":5738,"menu_order":0,"comment_status":"closed","ping_status":"closed","template":"elementor_header_footer","meta":{"footnotes":""},"class_list":["post-5759","page","type-page","status-publish","hentry"],"_links":{"self":[{"href":"https:\/\/cafearabo.com\/ca\/wp-json\/wp\/v2\/pages\/5759","targetHints":{"allow":["GET"]}}],"collection":[{"href":"https:\/\/cafearabo.com\/ca\/wp-json\/wp\/v2\/pages"}],"about":[{"href":"https:\/\/cafearabo.com\/ca\/wp-json\/wp\/v2\/types\/page"}],"author":[{"embeddable":true,"href":"https:\/\/cafearabo.com\/ca\/wp-json\/wp\/v2\/users\/1"}],"replies":[{"embeddable":true,"href":"https:\/\/cafearabo.com\/ca\/wp-json\/wp\/v2\/comments?post=5759"}],"version-history":[{"count":17,"href":"https:\/\/cafearabo.com\/ca\/wp-json\/wp\/v2\/pages\/5759\/revisions"}],"predecessor-version":[{"id":11222,"href":"https:\/\/cafearabo.com\/ca\/wp-json\/wp\/v2\/pages\/5759\/revisions\/11222"}],"up":[{"embeddable":true,"href":"https:\/\/cafearabo.com\/ca\/wp-json\/wp\/v2\/pages\/5738"}],"wp:attachment":[{"href":"https:\/\/cafearabo.com\/ca\/wp-json\/wp\/v2\/media?parent=5759"}],"curies":[{"name":"wp","href":"https:\/\/api.w.org\/{rel}","templated":true}]}}