{"id":5995,"date":"2021-03-29T07:35:47","date_gmt":"2021-03-29T06:35:47","guid":{"rendered":"https:\/\/cafearabo.com\/cafe-hosteleria\/servicio-tecnico\/"},"modified":"2022-02-23T16:30:06","modified_gmt":"2022-02-23T15:30:06","slug":"servei-tecnic","status":"publish","type":"page","link":"https:\/\/cafearabo.com\/ca\/cafe-hostaleria\/servei-tecnic\/","title":{"rendered":"Servei T\u00e8cnic"},"content":{"rendered":"\t\t<div data-elementor-type=\"wp-page\" data-elementor-id=\"5995\" class=\"elementor elementor-5995 elementor-110\" data-elementor-post-type=\"page\">\n\t\t\t\t\t\t<section class=\"elementor-section elementor-top-section elementor-element elementor-element-21bedde6 elementor-section-content-middle elementor-section-boxed elementor-section-height-default elementor-section-height-default\" data-id=\"21bedde6\" data-element_type=\"section\" data-settings=\"{&quot;background_background&quot;:&quot;classic&quot;}\">\n\t\t\t\t\t\t<div class=\"elementor-container elementor-column-gap-no\">\n\t\t\t\t\t<div class=\"elementor-column elementor-col-100 elementor-top-column elementor-element elementor-element-1a85511a\" data-id=\"1a85511a\" data-element_type=\"column\">\n\t\t\t<div class=\"elementor-widget-wrap elementor-element-populated\">\n\t\t\t\t\t\t<div class=\"elementor-element elementor-element-15e56e89 elementor-widget elementor-widget-heading\" data-id=\"15e56e89\" data-element_type=\"widget\" data-widget_type=\"heading.default\">\n\t\t\t\t<div class=\"elementor-widget-container\">\n\t\t\t\t\t<h1 class=\"elementor-heading-title elementor-size-default\">Servei T\u00e8cnic\u200b<\/h1>\t\t\t\t<\/div>\n\t\t\t\t<\/div>\n\t\t\t\t\t<\/div>\n\t\t<\/div>\n\t\t\t\t\t<\/div>\n\t\t<\/section>\n\t\t\t\t<section class=\"elementor-section elementor-top-section elementor-element elementor-element-42fd7ef2 elementor-section-boxed elementor-section-height-default elementor-section-height-default\" data-id=\"42fd7ef2\" data-element_type=\"section\">\n\t\t\t\t\t\t<div class=\"elementor-container elementor-column-gap-default\">\n\t\t\t\t\t<div class=\"elementor-column elementor-col-100 elementor-top-column elementor-element elementor-element-6523d96e\" data-id=\"6523d96e\" data-element_type=\"column\">\n\t\t\t<div class=\"elementor-widget-wrap elementor-element-populated\">\n\t\t\t\t\t\t<div class=\"elementor-element elementor-element-6ee863be elementor-widget elementor-widget-text-editor\" data-id=\"6ee863be\" data-element_type=\"widget\" data-widget_type=\"text-editor.default\">\n\t\t\t\t<div class=\"elementor-widget-container\">\n\t\t\t\t\t\t\t\t\t<p><strong>Oferim suport des de l&#8217;inici<\/strong><\/p>\t\t\t\t\t\t\t\t<\/div>\n\t\t\t\t<\/div>\n\t\t\t\t<div class=\"elementor-element elementor-element-70c2cb0 elementor-widget elementor-widget-text-editor\" data-id=\"70c2cb0\" data-element_type=\"widget\" data-widget_type=\"text-editor.default\">\n\t\t\t\t<div class=\"elementor-widget-container\">\n\t\t\t\t\t\t\t\t\t<p>Comptem amb un Servei d&#8217;Assist\u00e8ncia T\u00e8cnica (SAT) \u00a0que garanteix la major efici\u00e8ncia en el nostre servei i la major tranquil\u00b7litat per al teu negoci.<\/p>\t\t\t\t\t\t\t\t<\/div>\n\t\t\t\t<\/div>\n\t\t\t\t\t<\/div>\n\t\t<\/div>\n\t\t\t\t\t<\/div>\n\t\t<\/section>\n\t\t\t\t<section class=\"elementor-section elementor-top-section elementor-element elementor-element-2d46536 elementor-section-boxed elementor-section-height-default elementor-section-height-default\" data-id=\"2d46536\" data-element_type=\"section\">\n\t\t\t\t\t\t<div class=\"elementor-container elementor-column-gap-default\">\n\t\t\t\t\t<div class=\"elementor-column elementor-col-25 elementor-top-column elementor-element elementor-element-53e315e\" data-id=\"53e315e\" data-element_type=\"column\">\n\t\t\t<div class=\"elementor-widget-wrap elementor-element-populated\">\n\t\t\t\t\t\t<div class=\"elementor-element elementor-element-11b8b76 elementor-widget elementor-widget-image\" data-id=\"11b8b76\" data-element_type=\"widget\" data-widget_type=\"image.default\">\n\t\t\t\t<div class=\"elementor-widget-container\">\n\t\t\t\t\t\t\t\t\t\t\t\t\t\t\t<img fetchpriority=\"high\" decoding=\"async\" width=\"800\" height=\"800\" src=\"https:\/\/cafearabo.com\/wp-content\/uploads\/2021\/04\/24horas.jpg\" class=\"attachment-large size-large wp-image-4963\" alt=\"\" srcset=\"https:\/\/cafearabo.com\/wp-content\/uploads\/2021\/04\/24horas.jpg 1024w, https:\/\/cafearabo.com\/wp-content\/uploads\/2021\/04\/24horas-300x300.jpg 300w, https:\/\/cafearabo.com\/wp-content\/uploads\/2021\/04\/24horas-100x100.jpg 100w, https:\/\/cafearabo.com\/wp-content\/uploads\/2021\/04\/24horas-600x600.jpg 600w, https:\/\/cafearabo.com\/wp-content\/uploads\/2021\/04\/24horas-150x150.jpg 150w, https:\/\/cafearabo.com\/wp-content\/uploads\/2021\/04\/24horas-768x768.jpg 768w\" sizes=\"(max-width: 800px) 100vw, 800px\" \/>\t\t\t\t\t\t\t\t\t\t\t\t\t\t\t<\/div>\n\t\t\t\t<\/div>\n\t\t\t\t<div class=\"elementor-element elementor-element-9dd919a elementor-widget elementor-widget-heading\" data-id=\"9dd919a\" data-element_type=\"widget\" data-widget_type=\"heading.default\">\n\t\t\t\t<div class=\"elementor-widget-container\">\n\t\t\t\t\t<h2 class=\"elementor-heading-title elementor-size-default\">Servei d'assist\u00e8ncia t\u00e8cnica<\/h2>\t\t\t\t<\/div>\n\t\t\t\t<\/div>\n\t\t\t\t\t<\/div>\n\t\t<\/div>\n\t\t\t\t<div class=\"elementor-column elementor-col-25 elementor-top-column elementor-element elementor-element-7b97f40\" data-id=\"7b97f40\" data-element_type=\"column\">\n\t\t\t<div class=\"elementor-widget-wrap elementor-element-populated\">\n\t\t\t\t\t\t<div class=\"elementor-element elementor-element-e6e94e3 elementor-widget elementor-widget-image\" data-id=\"e6e94e3\" data-element_type=\"widget\" data-widget_type=\"image.default\">\n\t\t\t\t<div class=\"elementor-widget-container\">\n\t\t\t\t\t\t\t\t\t\t\t\t\t\t\t<img decoding=\"async\" width=\"800\" height=\"800\" src=\"https:\/\/cafearabo.com\/wp-content\/uploads\/2021\/04\/365.jpg\" class=\"attachment-large size-large wp-image-4965\" alt=\"\" srcset=\"https:\/\/cafearabo.com\/wp-content\/uploads\/2021\/04\/365.jpg 1024w, https:\/\/cafearabo.com\/wp-content\/uploads\/2021\/04\/365-300x300.jpg 300w, https:\/\/cafearabo.com\/wp-content\/uploads\/2021\/04\/365-100x100.jpg 100w, https:\/\/cafearabo.com\/wp-content\/uploads\/2021\/04\/365-600x600.jpg 600w, https:\/\/cafearabo.com\/wp-content\/uploads\/2021\/04\/365-150x150.jpg 150w, https:\/\/cafearabo.com\/wp-content\/uploads\/2021\/04\/365-768x768.jpg 768w\" sizes=\"(max-width: 800px) 100vw, 800px\" \/>\t\t\t\t\t\t\t\t\t\t\t\t\t\t\t<\/div>\n\t\t\t\t<\/div>\n\t\t\t\t<div class=\"elementor-element elementor-element-c565050 elementor-widget elementor-widget-heading\" data-id=\"c565050\" data-element_type=\"widget\" data-widget_type=\"heading.default\">\n\t\t\t\t<div class=\"elementor-widget-container\">\n\t\t\t\t\t<h2 class=\"elementor-heading-title elementor-size-default\">Assist\u00e8ncia tots els dies de l'any<\/h2>\t\t\t\t<\/div>\n\t\t\t\t<\/div>\n\t\t\t\t\t<\/div>\n\t\t<\/div>\n\t\t\t\t<div class=\"elementor-column elementor-col-25 elementor-top-column elementor-element elementor-element-3b63436\" data-id=\"3b63436\" data-element_type=\"column\">\n\t\t\t<div class=\"elementor-widget-wrap elementor-element-populated\">\n\t\t\t\t\t\t<div class=\"elementor-element elementor-element-10060b3 elementor-widget elementor-widget-image\" data-id=\"10060b3\" data-element_type=\"widget\" data-widget_type=\"image.default\">\n\t\t\t\t<div class=\"elementor-widget-container\">\n\t\t\t\t\t\t\t\t\t\t\t\t\t\t\t<img decoding=\"async\" width=\"800\" height=\"800\" src=\"https:\/\/cafearabo.com\/wp-content\/uploads\/2021\/04\/12-paises.jpg\" class=\"attachment-large size-large wp-image-4962\" alt=\"\" srcset=\"https:\/\/cafearabo.com\/wp-content\/uploads\/2021\/04\/12-paises.jpg 1024w, https:\/\/cafearabo.com\/wp-content\/uploads\/2021\/04\/12-paises-300x300.jpg 300w, https:\/\/cafearabo.com\/wp-content\/uploads\/2021\/04\/12-paises-100x100.jpg 100w, https:\/\/cafearabo.com\/wp-content\/uploads\/2021\/04\/12-paises-600x600.jpg 600w, https:\/\/cafearabo.com\/wp-content\/uploads\/2021\/04\/12-paises-150x150.jpg 150w, https:\/\/cafearabo.com\/wp-content\/uploads\/2021\/04\/12-paises-768x768.jpg 768w\" sizes=\"(max-width: 800px) 100vw, 800px\" \/>\t\t\t\t\t\t\t\t\t\t\t\t\t\t\t<\/div>\n\t\t\t\t<\/div>\n\t\t\t\t<div class=\"elementor-element elementor-element-5981bcd elementor-widget elementor-widget-heading\" data-id=\"5981bcd\" data-element_type=\"widget\" data-widget_type=\"heading.default\">\n\t\t\t\t<div class=\"elementor-widget-container\">\n\t\t\t\t\t<h2 class=\"elementor-heading-title elementor-size-default\">Servei internacional<\/h2>\t\t\t\t<\/div>\n\t\t\t\t<\/div>\n\t\t\t\t\t<\/div>\n\t\t<\/div>\n\t\t\t\t<div class=\"elementor-column elementor-col-25 elementor-top-column elementor-element elementor-element-cad8969\" data-id=\"cad8969\" data-element_type=\"column\">\n\t\t\t<div class=\"elementor-widget-wrap elementor-element-populated\">\n\t\t\t\t\t\t<div class=\"elementor-element elementor-element-d7f6dbf elementor-widget elementor-widget-image\" data-id=\"d7f6dbf\" data-element_type=\"widget\" data-widget_type=\"image.default\">\n\t\t\t\t<div class=\"elementor-widget-container\">\n\t\t\t\t\t\t\t\t\t\t\t\t\t\t\t<img loading=\"lazy\" decoding=\"async\" width=\"800\" height=\"800\" src=\"https:\/\/cafearabo.com\/wp-content\/uploads\/2021\/04\/50min.jpg\" class=\"attachment-large size-large wp-image-4964\" alt=\"\" srcset=\"https:\/\/cafearabo.com\/wp-content\/uploads\/2021\/04\/50min.jpg 1024w, https:\/\/cafearabo.com\/wp-content\/uploads\/2021\/04\/50min-300x300.jpg 300w, https:\/\/cafearabo.com\/wp-content\/uploads\/2021\/04\/50min-100x100.jpg 100w, https:\/\/cafearabo.com\/wp-content\/uploads\/2021\/04\/50min-600x600.jpg 600w, https:\/\/cafearabo.com\/wp-content\/uploads\/2021\/04\/50min-150x150.jpg 150w, https:\/\/cafearabo.com\/wp-content\/uploads\/2021\/04\/50min-768x768.jpg 768w\" sizes=\"(max-width: 800px) 100vw, 800px\" \/>\t\t\t\t\t\t\t\t\t\t\t\t\t\t\t<\/div>\n\t\t\t\t<\/div>\n\t\t\t\t<div class=\"elementor-element elementor-element-ca28441 elementor-widget elementor-widget-heading\" data-id=\"ca28441\" data-element_type=\"widget\" data-widget_type=\"heading.default\">\n\t\t\t\t<div class=\"elementor-widget-container\">\n\t\t\t\t\t<h2 class=\"elementor-heading-title elementor-size-default\">Temps mitj\u00e0 d'instal\u00b7laci\u00f3 i reparaci\u00f3 de cafeteres<\/h2>\t\t\t\t<\/div>\n\t\t\t\t<\/div>\n\t\t\t\t\t<\/div>\n\t\t<\/div>\n\t\t\t\t\t<\/div>\n\t\t<\/section>\n\t\t\t\t<section class=\"elementor-section elementor-top-section elementor-element elementor-element-f711ae2 elementor-section-full_width elementor-section-height-default elementor-section-height-default\" data-id=\"f711ae2\" data-element_type=\"section\">\n\t\t\t\t\t\t<div class=\"elementor-container elementor-column-gap-default\">\n\t\t\t\t\t<div class=\"elementor-column elementor-col-100 elementor-top-column elementor-element elementor-element-09e8353\" data-id=\"09e8353\" data-element_type=\"column\">\n\t\t\t<div class=\"elementor-widget-wrap elementor-element-populated\">\n\t\t\t\t\t\t<div class=\"elementor-element elementor-element-420eaee elementor--h-position-left elementor--v-position-middle elementor-arrows-position-inside elementor-pagination-position-inside elementor-widget elementor-widget-slides\" data-id=\"420eaee\" data-element_type=\"widget\" data-settings=\"{&quot;navigation&quot;:&quot;both&quot;,&quot;autoplay&quot;:&quot;yes&quot;,&quot;pause_on_hover&quot;:&quot;yes&quot;,&quot;pause_on_interaction&quot;:&quot;yes&quot;,&quot;autoplay_speed&quot;:5000,&quot;infinite&quot;:&quot;yes&quot;,&quot;transition&quot;:&quot;slide&quot;,&quot;transition_speed&quot;:500}\" data-widget_type=\"slides.default\">\n\t\t\t\t<div class=\"elementor-widget-container\">\n\t\t\t\t\t\t\t\t\t<div class=\"elementor-swiper\">\n\t\t\t\t\t<div class=\"elementor-slides-wrapper elementor-main-swiper swiper\" role=\"region\" aria-roledescription=\"carousel\" aria-label=\"Diapositives\" dir=\"ltr\" data-animation=\"fadeInUp\">\n\t\t\t\t<div class=\"swiper-wrapper elementor-slides\">\n\t\t\t\t\t\t\t\t\t\t<div class=\"elementor-repeater-item-9bf0eb4 swiper-slide\" role=\"group\" aria-roledescription=\"slide\"><div class=\"swiper-slide-bg\" role=\"img\" aria-label=\"servico tecnico\"><\/div><a class=\"swiper-slide-inner\" href=\"https:\/\/cafearabo.com\/ca\/contacte\/\"><div class=\"swiper-slide-contents\"><div class=\"elementor-slide-heading\">ATENCI\u00d3 SAT 24\/7 ELS 365 DIES DE L'ANY<\/div><div class=\"elementor-slide-description\">Estem m\u00e9s a prop de tu que mai amb el nostre servei assistencial t\u00e8cnic.<\/div><div  class=\"elementor-button elementor-slide-button elementor-size-sm\">M\u00e9s informaci\u00f3<\/div><\/div><\/a><\/div>\t\t\t\t<\/div>\n\t\t\t\t\t\t\t<\/div>\n\t\t\t\t<\/div>\n\t\t\t\t\t\t\t\t<\/div>\n\t\t\t\t<\/div>\n\t\t\t\t\t<\/div>\n\t\t<\/div>\n\t\t\t\t\t<\/div>\n\t\t<\/section>\n\t\t\t\t<\/div>\n\t\t","protected":false},"excerpt":{"rendered":"<p>Servei T\u00e8cnic\u200b Oferim suport des de l&#8217;inici Comptem amb un Servei d&#8217;Assist\u00e8ncia T\u00e8cnica (SAT) \u00a0que garanteix la major efici\u00e8ncia en el nostre servei i la major tranquil\u00b7litat per al teu negoci. Servei d&#8217;assist\u00e8ncia t\u00e8cnica Assist\u00e8ncia tots els dies de l&#8217;any Servei internacional Temps mitj\u00e0 d&#8217;instal\u00b7laci\u00f3 i reparaci\u00f3 de cafeteres ATENCI\u00d3 SAT 24\/7 ELS 365 DIES [&hellip;]<\/p>\n","protected":false},"author":1,"featured_media":0,"parent":5950,"menu_order":0,"comment_status":"closed","ping_status":"closed","template":"elementor_header_footer","meta":{"footnotes":""},"class_list":["post-5995","page","type-page","status-publish","hentry"],"_links":{"self":[{"href":"https:\/\/cafearabo.com\/ca\/wp-json\/wp\/v2\/pages\/5995","targetHints":{"allow":["GET"]}}],"collection":[{"href":"https:\/\/cafearabo.com\/ca\/wp-json\/wp\/v2\/pages"}],"about":[{"href":"https:\/\/cafearabo.com\/ca\/wp-json\/wp\/v2\/types\/page"}],"author":[{"embeddable":true,"href":"https:\/\/cafearabo.com\/ca\/wp-json\/wp\/v2\/users\/1"}],"replies":[{"embeddable":true,"href":"https:\/\/cafearabo.com\/ca\/wp-json\/wp\/v2\/comments?post=5995"}],"version-history":[{"count":10,"href":"https:\/\/cafearabo.com\/ca\/wp-json\/wp\/v2\/pages\/5995\/revisions"}],"predecessor-version":[{"id":6550,"href":"https:\/\/cafearabo.com\/ca\/wp-json\/wp\/v2\/pages\/5995\/revisions\/6550"}],"up":[{"embeddable":true,"href":"https:\/\/cafearabo.com\/ca\/wp-json\/wp\/v2\/pages\/5950"}],"wp:attachment":[{"href":"https:\/\/cafearabo.com\/ca\/wp-json\/wp\/v2\/media?parent=5995"}],"curies":[{"name":"wp","href":"https:\/\/api.w.org\/{rel}","templated":true}]}}