{"id":6204,"date":"2021-04-21T09:33:43","date_gmt":"2021-04-21T09:33:43","guid":{"rendered":"https:\/\/cafearabo.com\/politica-de-cookies\/"},"modified":"2022-02-11T10:58:53","modified_gmt":"2022-02-11T09:58:53","slug":"politica-de-cookies","status":"publish","type":"page","link":"https:\/\/cafearabo.com\/ca\/politica-de-cookies\/","title":{"rendered":"Pol\u00edtica de cookies"},"content":{"rendered":"\t\t<div data-elementor-type=\"wp-page\" data-elementor-id=\"6204\" class=\"elementor elementor-6204 elementor-1506\" data-elementor-post-type=\"page\">\n\t\t\t\t\t\t<section class=\"elementor-section elementor-top-section elementor-element elementor-element-d54f955 elementor-section-boxed elementor-section-height-default elementor-section-height-default\" data-id=\"d54f955\" data-element_type=\"section\">\n\t\t\t\t\t\t<div class=\"elementor-container elementor-column-gap-default\">\n\t\t\t\t\t<div class=\"elementor-column elementor-col-100 elementor-top-column elementor-element elementor-element-ad2a58e\" data-id=\"ad2a58e\" data-element_type=\"column\">\n\t\t\t<div class=\"elementor-widget-wrap elementor-element-populated\">\n\t\t\t\t\t\t<div class=\"elementor-element elementor-element-3633ed7 elementor-widget elementor-widget-heading\" data-id=\"3633ed7\" data-element_type=\"widget\" data-widget_type=\"heading.default\">\n\t\t\t\t<div class=\"elementor-widget-container\">\n\t\t\t\t\t<h1 class=\"elementor-heading-title elementor-size-default\">Pol\u00edtica de cookies<\/h1>\t\t\t\t<\/div>\n\t\t\t\t<\/div>\n\t\t\t\t\t<\/div>\n\t\t<\/div>\n\t\t\t\t\t<\/div>\n\t\t<\/section>\n\t\t\t\t<section class=\"elementor-section elementor-top-section elementor-element elementor-element-f34ae5e elementor-section-boxed elementor-section-height-default elementor-section-height-default\" data-id=\"f34ae5e\" data-element_type=\"section\">\n\t\t\t\t\t\t<div class=\"elementor-container elementor-column-gap-default\">\n\t\t\t\t\t<div class=\"elementor-column elementor-col-100 elementor-top-column elementor-element elementor-element-dc373e2\" data-id=\"dc373e2\" data-element_type=\"column\">\n\t\t\t<div class=\"elementor-widget-wrap elementor-element-populated\">\n\t\t\t\t\t\t<div class=\"elementor-element elementor-element-ce5e085 elementor-widget elementor-widget-heading\" data-id=\"ce5e085\" data-element_type=\"widget\" data-widget_type=\"heading.default\">\n\t\t\t\t<div class=\"elementor-widget-container\">\n\t\t\t\t\t<h2 class=\"elementor-heading-title elementor-size-default\">Qu\u00e8 s\u00f3n les cookies?\n<\/h2>\t\t\t\t<\/div>\n\t\t\t\t<\/div>\n\t\t\t\t<div class=\"elementor-element elementor-element-1302992 elementor-widget elementor-widget-text-editor\" data-id=\"1302992\" data-element_type=\"widget\" data-widget_type=\"text-editor.default\">\n\t\t\t\t<div class=\"elementor-widget-container\">\n\t\t\t\t\t\t\t\t\t<div class=\"traductor-textarea form-group\"><div class=\"textarea-desti col-xs-12 col-sm-6\"><div class=\"form-control second-textarea\">Una\u00a0cookie\u00a0\u00e9s un fitxer que es descarrega en el seu ordinador en accedir a determinades p\u00e0gines web.<\/div><\/div><\/div><div class=\"traductor-checkbox form-group\"><div class=\"row\"><div class=\"col-sm-offset-2 col-sm-5\">\u00a0<\/div><\/div><\/div><div class=\"traductor-textarea form-group\"><div class=\"textarea-desti col-xs-12 col-sm-6\"><div class=\"form-control second-textarea\">Les cookies permeten a una p\u00e0gina web, entre altres coses, emmagatzemar i recuperar informaci\u00f3 sobre h\u00e0bits de navegaci\u00f3 d&#8217;un usuari o del seu equip i, depenent de la informaci\u00f3 que continguin i de la forma que utilitzi el seu equip, poden utilitzar-se per a recon\u00e8ixer a l&#8217;usuari.<\/div><\/div><\/div>\t\t\t\t\t\t\t\t<\/div>\n\t\t\t\t<\/div>\n\t\t\t\t<div class=\"elementor-element elementor-element-e077ea4 elementor-widget elementor-widget-heading\" data-id=\"e077ea4\" data-element_type=\"widget\" data-widget_type=\"heading.default\">\n\t\t\t\t<div class=\"elementor-widget-container\">\n\t\t\t\t\t<h2 class=\"elementor-heading-title elementor-size-default\">Per a qu\u00e8 utilitza les cookies aquesta p\u00e0gina web i quins s\u00f3n?\n<\/h2>\t\t\t\t<\/div>\n\t\t\t\t<\/div>\n\t\t\t\t<div class=\"elementor-element elementor-element-d5a7b07 elementor-widget elementor-widget-text-editor\" data-id=\"d5a7b07\" data-element_type=\"widget\" data-widget_type=\"text-editor.default\">\n\t\t\t\t<div class=\"elementor-widget-container\">\n\t\t\t\t\t\t\t\t\t<p>Aquesta p\u00e0gina web utilitza les cookies per a una s\u00e8rie de finalitats, incloses:<br \/><br \/>An\u00e0lisi: s\u00f3n aquelles cookies que b\u00e9, tractades per nosaltres o per tercers, ens permeten quantificar el nombre d&#8217;usuaris i aix\u00ed realitzar el mesurament i an\u00e0lisi estad\u00edstica de la utilitzaci\u00f3 que fan els usuaris del servei.<br \/><br \/>Per a aix\u00f2 s&#8217;analitza la seva navegaci\u00f3 en la nostra p\u00e0gina web amb la finalitat de millorar l&#8217;experi\u00e8ncia de l&#8217;usuari.<br \/><br \/>El detall de les cookies utilitzades en aquesta p\u00e0gina web \u00e9s el seg\u00fcent:<br \/><br \/>Cookies<br \/><br \/>Nom<br \/><br \/>Tipus<br \/><br \/>Prop\u00f2sit<br \/><br \/>M\u00e9s informaci\u00f3 __utma\u00a0__utmb\u00a0__utmc\u00a0__utmz\u00a0_utmt\u00a0_ga\u00a0APISID\u00a0SAPISID\u00a0Google\u00a0Analytics\u00a0De tercers Recollir informaci\u00f3 sobre la navegaci\u00f3 dels usuaris pel lloc amb la finalitat de con\u00e8ixer l&#8217;origen de les visites i altres dades similars a nivell estad\u00edstic.<br \/><br \/>No obt\u00e9 dades dels noms o cognoms dels usuaris ni de l&#8217;adre\u00e7a postal concreta des d&#8217;on es connecten.<br \/><br \/>Google\u00a0Analytics\u00a0Centre de privacitat de Google: http:\/\/www.google.com\/intl\/es\/policies\/privacy\/<br \/><br \/>De tercers : Nota: Les cookies de tipus \u2018Pr\u00f2pies\u2019 s\u00f3n utilitzades nom\u00e9s pel propietari d&#8217;aquesta web i les cookies \u2018De tercers\u2019 s\u00f3n utilitzades, pel prestador del servei que est\u00e0 detallat en el quadre anterior.<\/p>\t\t\t\t\t\t\t\t<\/div>\n\t\t\t\t<\/div>\n\t\t\t\t<div class=\"elementor-element elementor-element-fb2787b elementor-widget elementor-widget-heading\" data-id=\"fb2787b\" data-element_type=\"widget\" data-widget_type=\"heading.default\">\n\t\t\t\t<div class=\"elementor-widget-container\">\n\t\t\t\t\t<h2 class=\"elementor-heading-title elementor-size-default\">Com puc desactivar o eliminar aquestes cookies?\n<\/h2>\t\t\t\t<\/div>\n\t\t\t\t<\/div>\n\t\t\t\t<div class=\"elementor-element elementor-element-e4d39ed elementor-widget elementor-widget-text-editor\" data-id=\"e4d39ed\" data-element_type=\"widget\" data-widget_type=\"text-editor.default\">\n\t\t\t\t<div class=\"elementor-widget-container\">\n\t\t\t\t\t\t\t\t\t<p>Pot vost\u00e8 permetre, bloquejar o eliminar les cookies instal\u00b7lades en el seu equip mitjan\u00e7ant la configuraci\u00f3 de les opcions del navegador instal\u00b7lat en el seu ordinador:<br \/><br \/>Firefox http:\/\/support.mozilla.org\/es\/kb\/habilitar-y-deshabilitar-cookies-que-los-sitios-we<br \/><br \/>Chrome http:\/\/support.google.com\/chrome\/bin\/answer.py?hl=es&amp;answer=95647<br \/><br \/>Explorer http:\/\/windows.microsoft.com\/es-es\/windows7\/how-to-manage-cookies-in-internet-explorer-9<br \/><br \/>Safari http:\/\/support.apple.com\/kb\/ph5042<br \/><br \/>Opera http:\/\/help.opera.com\/windows\/11.50\/es-es\/cookies.html<br \/><br \/>Altres navegadors<br \/><br \/>Consulti la documentaci\u00f3 del navegador que tingui instal\u00b7lat.<br \/><br \/>Complement d&#8217;inhabilitaci\u00f3 per a navegadors de Google\u00a0Analytics<br \/><br \/>Si desitja rebutjar les cookies anal\u00edtiques de Google\u00a0Analytics\u00a0en tots els navegadors, de manera que no s&#8217;envi\u00ef informaci\u00f3 seva a Google\u00a0Analytics, pot descarregar un complement que realitza aquesta funci\u00f3 des d&#8217;aquest enlla\u00e7: https:\/\/tools.google.com\/dlpage\/gaoptout.<\/p>\t\t\t\t\t\t\t\t<\/div>\n\t\t\t\t<\/div>\n\t\t\t\t\t<\/div>\n\t\t<\/div>\n\t\t\t\t\t<\/div>\n\t\t<\/section>\n\t\t\t\t<\/div>\n\t\t","protected":false},"excerpt":{"rendered":"<p>Pol\u00edtica de cookies Qu\u00e8 s\u00f3n les cookies? Una\u00a0cookie\u00a0\u00e9s un fitxer que es descarrega en el seu ordinador en accedir a determinades p\u00e0gines web.\u00a0Les cookies permeten a una p\u00e0gina web, entre altres coses, emmagatzemar i recuperar informaci\u00f3 sobre h\u00e0bits de navegaci\u00f3 d&#8217;un usuari o del seu equip i, depenent de la informaci\u00f3 que continguin i de [&hellip;]<\/p>\n","protected":false},"author":1,"featured_media":0,"parent":0,"menu_order":0,"comment_status":"closed","ping_status":"closed","template":"elementor_header_footer","meta":{"footnotes":""},"class_list":["post-6204","page","type-page","status-publish","hentry"],"_links":{"self":[{"href":"https:\/\/cafearabo.com\/ca\/wp-json\/wp\/v2\/pages\/6204","targetHints":{"allow":["GET"]}}],"collection":[{"href":"https:\/\/cafearabo.com\/ca\/wp-json\/wp\/v2\/pages"}],"about":[{"href":"https:\/\/cafearabo.com\/ca\/wp-json\/wp\/v2\/types\/page"}],"author":[{"embeddable":true,"href":"https:\/\/cafearabo.com\/ca\/wp-json\/wp\/v2\/users\/1"}],"replies":[{"embeddable":true,"href":"https:\/\/cafearabo.com\/ca\/wp-json\/wp\/v2\/comments?post=6204"}],"version-history":[{"count":4,"href":"https:\/\/cafearabo.com\/ca\/wp-json\/wp\/v2\/pages\/6204\/revisions"}],"predecessor-version":[{"id":6208,"href":"https:\/\/cafearabo.com\/ca\/wp-json\/wp\/v2\/pages\/6204\/revisions\/6208"}],"wp:attachment":[{"href":"https:\/\/cafearabo.com\/ca\/wp-json\/wp\/v2\/media?parent=6204"}],"curies":[{"name":"wp","href":"https:\/\/api.w.org\/{rel}","templated":true}]}}