{"id":12579,"date":"2024-11-20T14:03:08","date_gmt":"2024-11-20T13:03:08","guid":{"rendered":"https:\/\/cafearabo.com\/?post_type=product&#038;p=12579"},"modified":"2024-12-02T08:33:33","modified_gmt":"2024-12-02T07:33:33","slug":"pack-cafetera-superautomatica-2-packs-cafe-latelier-6-tazas-cafe-con-leche","status":"publish","type":"product","link":"https:\/\/cafearabo.com\/en\/producto\/pack-cafetera-superautomatica-2-packs-cafe-latelier-6-tazas-cafe-con-leche\/","title":{"rendered":"Pack Cafetera superautom\u00e1tica + 2 packs caf\u00e9 L&#8217;Atelier + 2 tazas caf\u00e9 con leche"},"content":{"rendered":"<p><strong>Medidas y caracter\u00edsticas de la cafetera:<\/strong><br \/>\nCompacta: 18 x 31,5 x h 40 cm<br \/>\nPeso: 7,6 Kg.<br \/>\nCapacidad del dep\u00f3sito de agua: 1 litro<br \/>\nCapacidad del recipiente de Caf\u00e9 en Grano: 150 g<br \/>\nFuente de alimentaci\u00f3n 220-240<br \/>\nTiempo de calentamiento: 60 segundos<br \/>\nBomba de presi\u00f3n: 19 Bares<\/p>\n","protected":false},"excerpt":{"rendered":"<p>Con la compra de esta cafetera superautom\u00e1tica te regalamos 2 packs de caf\u00e9 L&#8217;Atelier y 2 tazas exclusivas de caf\u00e9 con leche.<\/p>\n<p>M\u00e1quina de caf\u00e9 en grano superautom\u00e1tica muy f\u00e1cil de usar<br \/>\nExtremadamente compacta<br \/>\nPanel de control con botones t\u00e1ctiles<br \/>\nSalida de caf\u00e9 iluminada, ajustable para diferentes tama\u00f1os de taza<br \/>\nMolinillo de caf\u00e9 de acero, molinillos c\u00f3nicos<br \/>\nMateriales y acabados de calidad.<br \/>\nGrupo de caf\u00e9 patentado<br \/>\nSe\u00f1al de recarga de agua<br \/>\nSe\u00f1al de recarga de granos de caf\u00e9<br \/>\nSe\u00f1al de descalcificaci\u00f3n<br \/>\nF\u00e1cil de limpiar: la salida de caf\u00e9 y el contenedor de posos de caf\u00e9 se pueden quitar para limpiarlos<\/p>\n","protected":false},"featured_media":12687,"comment_status":"closed","ping_status":"closed","template":"","meta":[],"product_brand":[],"product_cat":[122,110],"product_tag":[143,116],"class_list":{"0":"post-12579","1":"product","2":"type-product","3":"status-publish","4":"has-post-thumbnail","6":"product_cat-complementos-y-accesorios-para-cafeteras","7":"product_cat-cafe-en-grano","8":"product_tag-cafe-en-grano","9":"product_tag-cafetera","11":"first","12":"instock","13":"sale","14":"taxable","15":"shipping-taxable","16":"purchasable","17":"product-type-simple"},"_links":{"self":[{"href":"https:\/\/cafearabo.com\/en\/wp-json\/wp\/v2\/product\/12579","targetHints":{"allow":["GET"]}}],"collection":[{"href":"https:\/\/cafearabo.com\/en\/wp-json\/wp\/v2\/product"}],"about":[{"href":"https:\/\/cafearabo.com\/en\/wp-json\/wp\/v2\/types\/product"}],"replies":[{"embeddable":true,"href":"https:\/\/cafearabo.com\/en\/wp-json\/wp\/v2\/comments?post=12579"}],"version-history":[{"count":4,"href":"https:\/\/cafearabo.com\/en\/wp-json\/wp\/v2\/product\/12579\/revisions"}],"predecessor-version":[{"id":12694,"href":"https:\/\/cafearabo.com\/en\/wp-json\/wp\/v2\/product\/12579\/revisions\/12694"}],"wp:featuredmedia":[{"embeddable":true,"href":"https:\/\/cafearabo.com\/en\/wp-json\/wp\/v2\/media\/12687"}],"wp:attachment":[{"href":"https:\/\/cafearabo.com\/en\/wp-json\/wp\/v2\/media?parent=12579"}],"wp:term":[{"taxonomy":"product_brand","embeddable":true,"href":"https:\/\/cafearabo.com\/en\/wp-json\/wp\/v2\/product_brand?post=12579"},{"taxonomy":"product_cat","embeddable":true,"href":"https:\/\/cafearabo.com\/en\/wp-json\/wp\/v2\/product_cat?post=12579"},{"taxonomy":"product_tag","embeddable":true,"href":"https:\/\/cafearabo.com\/en\/wp-json\/wp\/v2\/product_tag?post=12579"}],"curies":[{"name":"wp","href":"https:\/\/api.w.org\/{rel}","templated":true}]}}