{"id":12642,"date":"2024-11-20T14:26:09","date_gmt":"2024-11-20T13:26:09","guid":{"rendered":"https:\/\/cafearabo.com\/?post_type=product&#038;p=12642"},"modified":"2026-02-02T17:45:58","modified_gmt":"2026-02-02T16:45:58","slug":"set-de-2-tazas-para-cafe-con-leche","status":"publish","type":"product","link":"https:\/\/cafearabo.com\/en\/producto\/set-de-2-tazas-para-cafe-con-leche\/","title":{"rendered":"Set de 2 tazas para caf\u00e9 con leche"},"content":{"rendered":"<p>Dos tazas para caf\u00e9 con leche exclusivas L&#8217;Atelier.<\/p>\n","protected":false},"excerpt":{"rendered":"<p>Descubre la nueva colecci\u00f3n dise\u00f1ada y exclusiva para L&#8217;Atelier.<br \/>\nNuestra gama de caf\u00e9s en grano de tueste natural de alta calidad procedentes de Colombia, Honduras, Indonesia, Panam\u00e1, Kenia, Etiop\u00eda o Brasil.<\/p>\n","protected":false},"featured_media":12626,"comment_status":"closed","ping_status":"closed","template":"","meta":[],"product_brand":[],"product_cat":[122,156],"product_tag":[143,144,145],"class_list":{"0":"post-12642","1":"product","2":"type-product","3":"status-publish","4":"has-post-thumbnail","6":"product_cat-complementos-y-accesorios-para-cafeteras","7":"product_cat-tazas","8":"product_tag-cafe-en-grano","9":"product_tag-latelier","10":"product_tag-taza","12":"first","13":"instock","14":"taxable","15":"shipping-taxable","16":"purchasable","17":"product-type-simple"},"_links":{"self":[{"href":"https:\/\/cafearabo.com\/en\/wp-json\/wp\/v2\/product\/12642","targetHints":{"allow":["GET"]}}],"collection":[{"href":"https:\/\/cafearabo.com\/en\/wp-json\/wp\/v2\/product"}],"about":[{"href":"https:\/\/cafearabo.com\/en\/wp-json\/wp\/v2\/types\/product"}],"replies":[{"embeddable":true,"href":"https:\/\/cafearabo.com\/en\/wp-json\/wp\/v2\/comments?post=12642"}],"version-history":[{"count":1,"href":"https:\/\/cafearabo.com\/en\/wp-json\/wp\/v2\/product\/12642\/revisions"}],"predecessor-version":[{"id":12644,"href":"https:\/\/cafearabo.com\/en\/wp-json\/wp\/v2\/product\/12642\/revisions\/12644"}],"wp:featuredmedia":[{"embeddable":true,"href":"https:\/\/cafearabo.com\/en\/wp-json\/wp\/v2\/media\/12626"}],"wp:attachment":[{"href":"https:\/\/cafearabo.com\/en\/wp-json\/wp\/v2\/media?parent=12642"}],"wp:term":[{"taxonomy":"product_brand","embeddable":true,"href":"https:\/\/cafearabo.com\/en\/wp-json\/wp\/v2\/product_brand?post=12642"},{"taxonomy":"product_cat","embeddable":true,"href":"https:\/\/cafearabo.com\/en\/wp-json\/wp\/v2\/product_cat?post=12642"},{"taxonomy":"product_tag","embeddable":true,"href":"https:\/\/cafearabo.com\/en\/wp-json\/wp\/v2\/product_tag?post=12642"}],"curies":[{"name":"wp","href":"https:\/\/api.w.org\/{rel}","templated":true}]}}