{"id":13412,"date":"2026-03-16T16:58:14","date_gmt":"2026-03-16T15:58:14","guid":{"rendered":"https:\/\/cafearabo.com\/?post_type=product&#038;p=13412"},"modified":"2026-03-31T10:53:00","modified_gmt":"2026-03-31T09:53:00","slug":"paquete-cafe-en-grano-latelier-kenya-gachatha-lavado-tostado-para-filtro","status":"publish","type":"product","link":"https:\/\/cafearabo.com\/en\/producto\/paquete-cafe-en-grano-latelier-kenya-gachatha-lavado-tostado-para-filtro\/","title":{"rendered":"Paquete caf\u00e9 en grano l&#8217;Atelier KENYA GACHATHA LAVADO tostado para filtro 250g"},"content":{"rendered":"<p>Caf\u00e9 en grano de tueste natural muy intenso <strong>FILTER ROAST<\/strong><\/p>\n<p>Un cuidado caf\u00e9 de calidad que proporcionan un caf\u00e9 con cuerpo y aroma intenso y delicado sabor.<\/p>\n<p>Ideal para cafetera italiana o \u00e9mbolo franc\u00e9s. Tambi\u00e9n ideal para m\u00e1quinas de cocina.<\/p>\n<p>Conservar en lugar fresco y seco.<\/p>\n<p><strong>INGREDIENTES Y AL\u00c9RGENOS:<\/strong><br \/>\nEnvasado al vac\u00edo en atm\u00f3sfera protectora.<\/p>\n<p><strong>Ingredientes:<\/strong><br \/>\nCaf\u00e9 en grano de tueste natural para cafeteras de filtro.<br \/>\nPeso Neto: 250g.<br \/>\nElaborado en Espa\u00f1a<\/p>\n","protected":false},"excerpt":{"rendered":"<p>Caf\u00e9 con fragancia enzim\u00e1tica floral, con base de chocolate, notas a chocolate con leche y flor blanca; es un caf\u00e9 dulce, floral, completo, con cuerpo cremoso y acidez media\/baja.<\/p>\n<p><span dir=\"ltr\" role=\"presentation\">Unidad de venta: paquetes de 250g.<\/span><\/p>\n","protected":false},"featured_media":12446,"comment_status":"closed","ping_status":"closed","template":"","meta":[],"product_brand":[],"product_cat":[110],"product_tag":[119,127],"class_list":{"0":"post-13412","1":"product","2":"type-product","3":"status-publish","4":"has-post-thumbnail","6":"product_cat-cafe-en-grano","7":"product_tag-intenso","8":"product_tag-tostado-para-filtro","10":"first","11":"instock","12":"sale","13":"taxable","14":"shipping-taxable","15":"purchasable","16":"product-type-variable","17":"has-default-attributes"},"_links":{"self":[{"href":"https:\/\/cafearabo.com\/en\/wp-json\/wp\/v2\/product\/13412","targetHints":{"allow":["GET"]}}],"collection":[{"href":"https:\/\/cafearabo.com\/en\/wp-json\/wp\/v2\/product"}],"about":[{"href":"https:\/\/cafearabo.com\/en\/wp-json\/wp\/v2\/types\/product"}],"replies":[{"embeddable":true,"href":"https:\/\/cafearabo.com\/en\/wp-json\/wp\/v2\/comments?post=13412"}],"version-history":[{"count":4,"href":"https:\/\/cafearabo.com\/en\/wp-json\/wp\/v2\/product\/13412\/revisions"}],"predecessor-version":[{"id":13418,"href":"https:\/\/cafearabo.com\/en\/wp-json\/wp\/v2\/product\/13412\/revisions\/13418"}],"wp:featuredmedia":[{"embeddable":true,"href":"https:\/\/cafearabo.com\/en\/wp-json\/wp\/v2\/media\/12446"}],"wp:attachment":[{"href":"https:\/\/cafearabo.com\/en\/wp-json\/wp\/v2\/media?parent=13412"}],"wp:term":[{"taxonomy":"product_brand","embeddable":true,"href":"https:\/\/cafearabo.com\/en\/wp-json\/wp\/v2\/product_brand?post=13412"},{"taxonomy":"product_cat","embeddable":true,"href":"https:\/\/cafearabo.com\/en\/wp-json\/wp\/v2\/product_cat?post=13412"},{"taxonomy":"product_tag","embeddable":true,"href":"https:\/\/cafearabo.com\/en\/wp-json\/wp\/v2\/product_tag?post=13412"}],"curies":[{"name":"wp","href":"https:\/\/api.w.org\/{rel}","templated":true}]}}