{"id":13424,"date":"2026-03-16T18:46:22","date_gmt":"2026-03-16T17:46:22","guid":{"rendered":"https:\/\/cafearabo.com\/?post_type=product&#038;p=13424"},"modified":"2026-03-27T10:59:43","modified_gmt":"2026-03-27T09:59:43","slug":"paquete-cafe-en-grano-latelier-uganda-bugisu-aa-lavado","status":"publish","type":"product","link":"https:\/\/cafearabo.com\/en\/producto\/paquete-cafe-en-grano-latelier-uganda-bugisu-aa-lavado\/","title":{"rendered":"Paquete caf\u00e9 en grano l&#8217;Atelier UGANDA BUGISU AA LAVADO"},"content":{"rendered":"<p>Caf\u00e9 en grano de tueste natural muy intenso <strong>ESPRESSO ROAST<\/strong><\/p>\n<p>Un cuidado caf\u00e9 de calidad que proporcionan un caf\u00e9 con cuerpo y aroma intenso y delicado sabor.<\/p>\n<p>Ideal para cafetera italiana o \u00e9mbolo franc\u00e9s. Tambi\u00e9n ideal para m\u00e1quinas de cocina.<\/p>\n<p>Conservar en lugar fresco y seco.<\/p>\n<p><strong>INGREDIENTES Y AL\u00c9RGENOS:<\/strong><br \/>\nEnvasado al vac\u00edo en atm\u00f3sfera protectora.<\/p>\n<p><strong>Ingredientes:<\/strong><br \/>\nCaf\u00e9 en grano de tueste natural.<br \/>\nPeso Neto: 250g, 500g y 1kg<br \/>\nElaborado en Espa\u00f1a<\/p>\n","protected":false},"excerpt":{"rendered":"<p>Caf\u00e9 de fragancia enzim\u00e1tica frutal, con base achocolatada y notas de fruta de hueso, vainilla y chocolate con leche. Es un caf\u00e9 dulce, afrutado, con cuerpo alto y acidez jugosa.<\/p>\n<p><span dir=\"ltr\" role=\"presentation\">Unidad de venta: paquetes de 250g, 500gr. y 1kg.<\/span><\/p>\n","protected":false},"featured_media":12495,"comment_status":"closed","ping_status":"closed","template":"","meta":[],"product_brand":[],"product_cat":[110],"product_tag":[119],"class_list":{"0":"post-13424","1":"product","2":"type-product","3":"status-publish","4":"has-post-thumbnail","6":"product_cat-cafe-en-grano","7":"product_tag-intenso","9":"first","10":"instock","11":"taxable","12":"shipping-taxable","13":"purchasable","14":"product-type-variable","15":"has-default-attributes"},"_links":{"self":[{"href":"https:\/\/cafearabo.com\/en\/wp-json\/wp\/v2\/product\/13424","targetHints":{"allow":["GET"]}}],"collection":[{"href":"https:\/\/cafearabo.com\/en\/wp-json\/wp\/v2\/product"}],"about":[{"href":"https:\/\/cafearabo.com\/en\/wp-json\/wp\/v2\/types\/product"}],"replies":[{"embeddable":true,"href":"https:\/\/cafearabo.com\/en\/wp-json\/wp\/v2\/comments?post=13424"}],"version-history":[{"count":3,"href":"https:\/\/cafearabo.com\/en\/wp-json\/wp\/v2\/product\/13424\/revisions"}],"predecessor-version":[{"id":13436,"href":"https:\/\/cafearabo.com\/en\/wp-json\/wp\/v2\/product\/13424\/revisions\/13436"}],"wp:featuredmedia":[{"embeddable":true,"href":"https:\/\/cafearabo.com\/en\/wp-json\/wp\/v2\/media\/12495"}],"wp:attachment":[{"href":"https:\/\/cafearabo.com\/en\/wp-json\/wp\/v2\/media?parent=13424"}],"wp:term":[{"taxonomy":"product_brand","embeddable":true,"href":"https:\/\/cafearabo.com\/en\/wp-json\/wp\/v2\/product_brand?post=13424"},{"taxonomy":"product_cat","embeddable":true,"href":"https:\/\/cafearabo.com\/en\/wp-json\/wp\/v2\/product_cat?post=13424"},{"taxonomy":"product_tag","embeddable":true,"href":"https:\/\/cafearabo.com\/en\/wp-json\/wp\/v2\/product_tag?post=13424"}],"curies":[{"name":"wp","href":"https:\/\/api.w.org\/{rel}","templated":true}]}}