{"id":8106,"date":"2024-06-17T11:30:37","date_gmt":"2024-06-17T10:30:37","guid":{"rendered":"https:\/\/cafearabo.com\/?post_type=product&#038;p=8106"},"modified":"2026-02-03T10:27:28","modified_gmt":"2026-02-03T09:27:28","slug":"capsulas-cafe-nespresso-descafeinado-organico-caja-10unid-compostables","status":"publish","type":"product","link":"https:\/\/cafearabo.com\/en\/producto\/capsulas-cafe-nespresso-descafeinado-organico-caja-10unid-compostables\/","title":{"rendered":"C\u00e1psulas caf\u00e9 descafeinado org\u00e1nico compatibles con sistema Nespresso\u00ae Estuche tubo 10unid. Compostables"},"content":{"rendered":"<p>*Nespresso\u00ae es una marca de terceros sin ninguna relaci\u00f3n con Busi Caf\u00e9s, S.L.<\/p>\n<p>Caf\u00e9 organico descafeinado. Caf\u00e9 en c\u00e1psulas compostables y biodegradables compatibles con el sistema Nespresso. Envase de 10 uds.<\/p>\n<p><strong>ORIGEN:<\/strong><br \/>\nBlend de caf\u00e9s Premium originarios de Centro y Sud Am\u00e9rica y \u00c1frica.<\/p>\n<p><strong>TUESTE:<\/strong><br \/>\nTueste natural artesano lento, para obtener un tostado homog\u00e9neo y uniforme con todo su aroma. Su textura molida crea un caf\u00e9 con cuerpo para un descafeinado .<\/p>\n<p><strong>PERFIL AROM\u00c1TICO:<\/strong><br \/>\nDestacan los frutos secos, con toques a caramelo y un punto de fresca acidez.<\/p>\n<p><strong>INGREDIENTES Y AL\u00c9RGENOS:<\/strong><br \/>\n10 c\u00e1psulas de caf\u00e9 org\u00e1nico, caf\u00e9 molido de tueste natural para el Sistema Nespresso. Envasado en atm\u00f3sfera protectora.<\/p>\n<p><strong>Ingredientes:<\/strong><br \/>\nCaf\u00e9 molido de tueste natural.<br \/>\nPeso Neto (10 c\u00e1psulas)<br \/>\n57g &#8211; 2.01 oz e<br \/>\nMedidas del paquete: Largo 4 cm x Ancho 7.5 cm x Alto 15 cm.<br \/>\nElaborado en Espa\u00f1a<\/p>\n","protected":false},"excerpt":{"rendered":"<p><span dir=\"ltr\" role=\"presentation\">Unidad de venta: 1 Estuche de 10 unidades \/ c\u00e1psulas. (<span class=\"\">0,36\u20ac\/unid<\/span>)<\/span><\/p>\n<p>*Nespresso\u00ae es una marca de terceros sin ninguna relaci\u00f3n con Busi Caf\u00e9s, S.L.<\/p>\n","protected":false},"featured_media":8107,"comment_status":"closed","ping_status":"closed","template":"","meta":[],"product_brand":[],"product_cat":[108],"product_tag":[117,107,115,114,121,113],"class_list":{"0":"post-8106","1":"product","2":"type-product","3":"status-publish","4":"has-post-thumbnail","6":"product_cat-capsulas-de-cafe","7":"product_tag-capsulas","8":"product_tag-compostables","9":"product_tag-descafeinado","10":"product_tag-ecologico","11":"product_tag-estuche","12":"product_tag-organico","14":"first","15":"instock","16":"sale","17":"taxable","18":"shipping-taxable","19":"purchasable","20":"product-type-simple"},"_links":{"self":[{"href":"https:\/\/cafearabo.com\/en\/wp-json\/wp\/v2\/product\/8106","targetHints":{"allow":["GET"]}}],"collection":[{"href":"https:\/\/cafearabo.com\/en\/wp-json\/wp\/v2\/product"}],"about":[{"href":"https:\/\/cafearabo.com\/en\/wp-json\/wp\/v2\/types\/product"}],"replies":[{"embeddable":true,"href":"https:\/\/cafearabo.com\/en\/wp-json\/wp\/v2\/comments?post=8106"}],"version-history":[{"count":9,"href":"https:\/\/cafearabo.com\/en\/wp-json\/wp\/v2\/product\/8106\/revisions"}],"predecessor-version":[{"id":8115,"href":"https:\/\/cafearabo.com\/en\/wp-json\/wp\/v2\/product\/8106\/revisions\/8115"}],"wp:featuredmedia":[{"embeddable":true,"href":"https:\/\/cafearabo.com\/en\/wp-json\/wp\/v2\/media\/8107"}],"wp:attachment":[{"href":"https:\/\/cafearabo.com\/en\/wp-json\/wp\/v2\/media?parent=8106"}],"wp:term":[{"taxonomy":"product_brand","embeddable":true,"href":"https:\/\/cafearabo.com\/en\/wp-json\/wp\/v2\/product_brand?post=8106"},{"taxonomy":"product_cat","embeddable":true,"href":"https:\/\/cafearabo.com\/en\/wp-json\/wp\/v2\/product_cat?post=8106"},{"taxonomy":"product_tag","embeddable":true,"href":"https:\/\/cafearabo.com\/en\/wp-json\/wp\/v2\/product_tag?post=8106"}],"curies":[{"name":"wp","href":"https:\/\/api.w.org\/{rel}","templated":true}]}}