{"id":8123,"date":"2022-06-15T16:57:21","date_gmt":"2022-06-15T15:57:21","guid":{"rendered":"https:\/\/cafearabo.com\/?post_type=product&#038;p=8123"},"modified":"2026-02-02T17:42:17","modified_gmt":"2026-02-02T16:42:17","slug":"cafetera-capsulas-fastback-sistema-nespresso","status":"publish","type":"product","link":"https:\/\/cafearabo.com\/en\/producto\/cafetera-capsulas-fastback-sistema-nespresso\/","title":{"rendered":"Cafetera de c\u00e1psulas FASTBACK NSP 2 DOSIS compatible sistema Nespresso\u00ae"},"content":{"rendered":"<p><strong>Medidas y caracter\u00edsticas de la cafetera:<\/strong><br \/>\nCompacta: 33 x 10,5 x h 23,3 cm<br \/>\nPeso: 2,8 Kg.<br \/>\nFusible t\u00e9rmico de seguridad<br \/>\nCapacidad del dep\u00f3sito de agua: 0,8 liters<br \/>\nCable de alimentaci\u00f3n el\u00e9ctrica: 3&#215;1 m.1<br \/>\nIntercambiador de calor: 850 W<br \/>\nTiempo de calentamiento: 60 segundos<br \/>\nBomba de presi\u00f3n: 19 Bares<\/p>\n<p>*Nespresso\u00ae es una marca de terceros sin ninguna relaci\u00f3n con Busi Caf\u00e9s, S.L.<\/p>\n","protected":false},"excerpt":{"rendered":"<p>Cafetera Italiana, una m\u00e1quina compacta, una taza de caf\u00e9 perfecto con cuerpo y sabor.<\/p>\n<p>Compacta, r\u00e1pida y silenciosa, caf\u00e9 de alta calidad. Con funci\u00f3n de ahorro de energ\u00eda autom\u00e1tica.<\/p>\n<p>Color: negro<br \/>\nIntroducci\u00f3n de c\u00e1psulas por la parte delantera.<br \/>\nCompartimento de almacenamiento de 8\/10 c\u00e1psulas usadas, extra\u00edble.<br \/>\n2 botones: 1 para espresso corto, 1 para espresso medio-largo<br \/>\nDosis programable<br \/>\nTemperatura regulable<br \/>\nBandeja reposa-tazas ajustable.<br \/>\nDep\u00f3sito agua 0,8 l extraible<br \/>\nAhorro de energ\u00eda<\/p>\n<p><strong>*<\/strong> Por la compra de 10 estuches de c\u00e1psulas (100 c\u00e1psulas) precio de la m\u00e1quina 92\u20ac<br \/>\n<strong>*<\/strong> Por la compra de1 caja de 150 c\u00e1psulas precio de la m\u00e1quina 82\u20ac<\/p>\n","protected":false},"featured_media":8126,"comment_status":"closed","ping_status":"closed","template":"","meta":[],"product_brand":[],"product_cat":[108,109],"product_tag":[116,117,118],"class_list":{"0":"post-8123","1":"product","2":"type-product","3":"status-publish","4":"has-post-thumbnail","6":"product_cat-capsulas-de-cafe","7":"product_cat-cafeteras","8":"product_tag-cafetera","9":"product_tag-capsulas","10":"product_tag-nespresso","12":"first","13":"instock","14":"taxable","15":"shipping-taxable","16":"purchasable","17":"product-type-simple"},"_links":{"self":[{"href":"https:\/\/cafearabo.com\/en\/wp-json\/wp\/v2\/product\/8123","targetHints":{"allow":["GET"]}}],"collection":[{"href":"https:\/\/cafearabo.com\/en\/wp-json\/wp\/v2\/product"}],"about":[{"href":"https:\/\/cafearabo.com\/en\/wp-json\/wp\/v2\/types\/product"}],"replies":[{"embeddable":true,"href":"https:\/\/cafearabo.com\/en\/wp-json\/wp\/v2\/comments?post=8123"}],"version-history":[{"count":7,"href":"https:\/\/cafearabo.com\/en\/wp-json\/wp\/v2\/product\/8123\/revisions"}],"predecessor-version":[{"id":12744,"href":"https:\/\/cafearabo.com\/en\/wp-json\/wp\/v2\/product\/8123\/revisions\/12744"}],"wp:featuredmedia":[{"embeddable":true,"href":"https:\/\/cafearabo.com\/en\/wp-json\/wp\/v2\/media\/8126"}],"wp:attachment":[{"href":"https:\/\/cafearabo.com\/en\/wp-json\/wp\/v2\/media?parent=8123"}],"wp:term":[{"taxonomy":"product_brand","embeddable":true,"href":"https:\/\/cafearabo.com\/en\/wp-json\/wp\/v2\/product_brand?post=8123"},{"taxonomy":"product_cat","embeddable":true,"href":"https:\/\/cafearabo.com\/en\/wp-json\/wp\/v2\/product_cat?post=8123"},{"taxonomy":"product_tag","embeddable":true,"href":"https:\/\/cafearabo.com\/en\/wp-json\/wp\/v2\/product_tag?post=8123"}],"curies":[{"name":"wp","href":"https:\/\/api.w.org\/{rel}","templated":true}]}}