{"id":9129,"date":"2024-01-05T13:03:48","date_gmt":"2024-01-05T12:03:48","guid":{"rendered":"https:\/\/cafearabo.com\/?post_type=product&#038;p=9129"},"modified":"2026-03-29T17:18:31","modified_gmt":"2026-03-29T16:18:31","slug":"paquete-cafe-en-grano-colombia-latelier-supremo-huila-lavado","status":"publish","type":"product","link":"https:\/\/cafearabo.com\/en\/producto\/paquete-cafe-en-grano-colombia-latelier-supremo-huila-lavado\/","title":{"rendered":"Paquete caf\u00e9 en grano Colombia l&#8217;Atelier SUPREMO HUILA LAVADO"},"content":{"rendered":"<p>Caf\u00e9 en grano de tueste natural muy intenso SOL DE ATARDECER <strong>ESPRESSO ROAST<\/strong><\/p>\n<p>Un cuidado caf\u00e9 de calidad que proporcionan un caf\u00e9 con cuerpo y aroma intenso y delicado sabor.<\/p>\n<p>Ideal para cafetera italiana o \u00e9mbolo franc\u00e9s. Tambi\u00e9n ideal para m\u00e1quinas de cocina.<\/p>\n<p>Conservar en lugar fresco y seco.<\/p>\n<p><strong>INGREDIENTES Y AL\u00c9RGENOS:<\/strong><br \/>\nEnvasado al vac\u00edo en atm\u00f3sfera protectora.<\/p>\n<p><strong>Ingredientes:<\/strong><br \/>\nCaf\u00e9 en grano de tueste natural.<br \/>\nPeso Neto: 250g, 500g y 1kg<br \/>\nElaborado en Espa\u00f1a<\/p>\n","protected":false},"excerpt":{"rendered":"<p>Caf\u00e9 con fragancia enzim\u00e1tica floral, con base de chocolate, con notas a flor y t\u00e9; es un caf\u00e9 delicado, dulce, con cuerpo sedoso y acidez media.<\/p>\n<p><span dir=\"ltr\" role=\"presentation\">Unidad de venta: paquetes de 250g, 500gr. y 1kg.<br \/>\n<\/span><\/p>\n<p>Caf\u00e9 ecol\u00f3gico: ES-ECO-019-CT<\/p>\n","protected":false},"featured_media":9132,"comment_status":"closed","ping_status":"closed","template":"","meta":[],"product_brand":[],"product_cat":[110],"product_tag":[119],"class_list":{"0":"post-9129","1":"product","2":"type-product","3":"status-publish","4":"has-post-thumbnail","6":"product_cat-cafe-en-grano","7":"product_tag-intenso","9":"first","10":"instock","11":"taxable","12":"shipping-taxable","13":"purchasable","14":"product-type-variable","15":"has-default-attributes"},"_links":{"self":[{"href":"https:\/\/cafearabo.com\/en\/wp-json\/wp\/v2\/product\/9129","targetHints":{"allow":["GET"]}}],"collection":[{"href":"https:\/\/cafearabo.com\/en\/wp-json\/wp\/v2\/product"}],"about":[{"href":"https:\/\/cafearabo.com\/en\/wp-json\/wp\/v2\/types\/product"}],"replies":[{"embeddable":true,"href":"https:\/\/cafearabo.com\/en\/wp-json\/wp\/v2\/comments?post=9129"}],"version-history":[{"count":5,"href":"https:\/\/cafearabo.com\/en\/wp-json\/wp\/v2\/product\/9129\/revisions"}],"predecessor-version":[{"id":9165,"href":"https:\/\/cafearabo.com\/en\/wp-json\/wp\/v2\/product\/9129\/revisions\/9165"}],"wp:featuredmedia":[{"embeddable":true,"href":"https:\/\/cafearabo.com\/en\/wp-json\/wp\/v2\/media\/9132"}],"wp:attachment":[{"href":"https:\/\/cafearabo.com\/en\/wp-json\/wp\/v2\/media?parent=9129"}],"wp:term":[{"taxonomy":"product_brand","embeddable":true,"href":"https:\/\/cafearabo.com\/en\/wp-json\/wp\/v2\/product_brand?post=9129"},{"taxonomy":"product_cat","embeddable":true,"href":"https:\/\/cafearabo.com\/en\/wp-json\/wp\/v2\/product_cat?post=9129"},{"taxonomy":"product_tag","embeddable":true,"href":"https:\/\/cafearabo.com\/en\/wp-json\/wp\/v2\/product_tag?post=9129"}],"curies":[{"name":"wp","href":"https:\/\/api.w.org\/{rel}","templated":true}]}}