{"id":9183,"date":"2024-01-08T11:29:32","date_gmt":"2024-01-08T10:29:32","guid":{"rendered":"https:\/\/cafearabo.com\/?post_type=product&#038;p=9183"},"modified":"2026-03-30T16:12:29","modified_gmt":"2026-03-30T15:12:29","slug":"paquete-cafe-en-grano-mezcla-specialty-montjuic-latelier","status":"publish","type":"product","link":"https:\/\/cafearabo.com\/en\/producto\/paquete-cafe-en-grano-mezcla-specialty-montjuic-latelier\/","title":{"rendered":"Paquete caf\u00e9 en grano mezcla SPECIALTY MONTJU\u00cfC l&#8217;Atelier"},"content":{"rendered":"<p>Caf\u00e9 en grano de tueste natural muy intenso <strong>ESPRESSO ROAST<\/strong><\/p>\n<p>Una cuidada mezcla de caf\u00e9s de diferentes calidades de caf\u00e9s de variedad Ar\u00e1bica que proporcionan un caf\u00e9 intenso, de cuerpo m\u00e1s denso. Con aroma intenso y delicado sabor.<\/p>\n<p>Ideal para cafetera italiana o \u00e9mbolo franc\u00e9s. Tambi\u00e9n ideal para m\u00e1quinas de cocina.<\/p>\n<p>Conservar en lugar fresco y seco.<\/p>\n<p><strong>INGREDIENTES Y AL\u00c9RGENOS:<\/strong><br \/>\nEnvasado al vac\u00edo en atm\u00f3sfera protectora.<\/p>\n<p><strong>Ingredientes:<\/strong><br \/>\nCaf\u00e9 en grano de tueste natural.<br \/>\nPeso Neto: 250g, 500g y 1kg<br \/>\nElaborado en Espa\u00f1a<\/p>\n","protected":false},"excerpt":{"rendered":"<p>Especial para m\u00e1quinas superautom\u00e1ticas.<\/p>\n<p>Un perfil de taza equilibrado, con cuerpo sedoso de intensidad media-alta y un retrogusto achocolatado. Destacando el aroma con notas dulces acarameladas<\/p>\n<p><span dir=\"ltr\" role=\"presentation\">Unidad de venta: paquetes de 250g, 500gr. y 1kg.<br \/>\n<\/span><\/p>\n","protected":false},"featured_media":9186,"comment_status":"closed","ping_status":"closed","template":"","meta":[],"product_brand":[],"product_cat":[110],"product_tag":[119],"class_list":{"0":"post-9183","1":"product","2":"type-product","3":"status-publish","4":"has-post-thumbnail","6":"product_cat-cafe-en-grano","7":"product_tag-intenso","9":"first","10":"instock","11":"taxable","12":"shipping-taxable","13":"purchasable","14":"product-type-variable","15":"has-default-attributes"},"_links":{"self":[{"href":"https:\/\/cafearabo.com\/en\/wp-json\/wp\/v2\/product\/9183","targetHints":{"allow":["GET"]}}],"collection":[{"href":"https:\/\/cafearabo.com\/en\/wp-json\/wp\/v2\/product"}],"about":[{"href":"https:\/\/cafearabo.com\/en\/wp-json\/wp\/v2\/types\/product"}],"replies":[{"embeddable":true,"href":"https:\/\/cafearabo.com\/en\/wp-json\/wp\/v2\/comments?post=9183"}],"version-history":[{"count":6,"href":"https:\/\/cafearabo.com\/en\/wp-json\/wp\/v2\/product\/9183\/revisions"}],"predecessor-version":[{"id":9190,"href":"https:\/\/cafearabo.com\/en\/wp-json\/wp\/v2\/product\/9183\/revisions\/9190"}],"wp:featuredmedia":[{"embeddable":true,"href":"https:\/\/cafearabo.com\/en\/wp-json\/wp\/v2\/media\/9186"}],"wp:attachment":[{"href":"https:\/\/cafearabo.com\/en\/wp-json\/wp\/v2\/media?parent=9183"}],"wp:term":[{"taxonomy":"product_brand","embeddable":true,"href":"https:\/\/cafearabo.com\/en\/wp-json\/wp\/v2\/product_brand?post=9183"},{"taxonomy":"product_cat","embeddable":true,"href":"https:\/\/cafearabo.com\/en\/wp-json\/wp\/v2\/product_cat?post=9183"},{"taxonomy":"product_tag","embeddable":true,"href":"https:\/\/cafearabo.com\/en\/wp-json\/wp\/v2\/product_tag?post=9183"}],"curies":[{"name":"wp","href":"https:\/\/api.w.org\/{rel}","templated":true}]}}