{"id":9191,"date":"2024-01-08T11:39:23","date_gmt":"2024-01-08T10:39:23","guid":{"rendered":"https:\/\/cafearabo.com\/?post_type=product&#038;p=9191"},"modified":"2026-03-27T12:18:42","modified_gmt":"2026-03-27T11:18:42","slug":"paquete-cafe-en-grano-mezcla-descafeinado-colombia-huila-sol-atardecer-lavado-latelier","status":"publish","type":"product","link":"https:\/\/cafearabo.com\/en\/producto\/paquete-cafe-en-grano-mezcla-descafeinado-colombia-huila-sol-atardecer-lavado-latelier\/","title":{"rendered":"Paquete caf\u00e9 en grano mezcla Descafeinado COLOMBIA HUILA SOL DE ATARDECER LAVADO l&#8217;Atelier"},"content":{"rendered":"<p>Caf\u00e9 en grano de tueste natural Descafeinado y intenso <strong>ESPRESSO ROAST<\/strong><\/p>\n<p>Un cuidado caf\u00e9 de calidad que proporcionan un caf\u00e9 con cuerpo y aroma intenso y delicado sabor.<\/p>\n<p>Ideal para cafetera italiana o \u00e9mbolo franc\u00e9s. Tambi\u00e9n ideal para m\u00e1quinas de cocina.<\/p>\n<p>Conservar en lugar fresco y seco.<\/p>\n<p><strong>INGREDIENTES Y AL\u00c9RGENOS:<\/strong><br \/>\nEnvasado al vac\u00edo en atm\u00f3sfera protectora.<\/p>\n<p><strong>Ingredientes:<\/strong><br \/>\nCaf\u00e9 en grano Descafeinado de tueste natural.<br \/>\nPeso Neto: 250g, 500g y 1kg<br \/>\nElaborado en Espa\u00f1a<\/p>\n","protected":false},"excerpt":{"rendered":"<p>Especial para m\u00e1quinas superautom\u00e1ticas<\/p>\n<p>Caf\u00e9 con fragancia enzim\u00e1tica frutal, base de chocolate, con notas de cacao, frutos rojos, litchi y especiado; es dulce, completo, con buen cuerpo y acidez baja.<\/p>\n<p><span dir=\"ltr\" role=\"presentation\">Unidad de venta: paquetes de 250g, 500gr. y 1kg.<br \/>\n<\/span><\/p>\n","protected":false},"featured_media":9194,"comment_status":"closed","ping_status":"closed","template":"","meta":[],"product_brand":[],"product_cat":[110],"product_tag":[115,119],"class_list":{"0":"post-9191","1":"product","2":"type-product","3":"status-publish","4":"has-post-thumbnail","6":"product_cat-cafe-en-grano","7":"product_tag-descafeinado","8":"product_tag-intenso","10":"first","11":"instock","12":"taxable","13":"shipping-taxable","14":"purchasable","15":"product-type-variable","16":"has-default-attributes"},"_links":{"self":[{"href":"https:\/\/cafearabo.com\/en\/wp-json\/wp\/v2\/product\/9191","targetHints":{"allow":["GET"]}}],"collection":[{"href":"https:\/\/cafearabo.com\/en\/wp-json\/wp\/v2\/product"}],"about":[{"href":"https:\/\/cafearabo.com\/en\/wp-json\/wp\/v2\/types\/product"}],"replies":[{"embeddable":true,"href":"https:\/\/cafearabo.com\/en\/wp-json\/wp\/v2\/comments?post=9191"}],"version-history":[{"count":7,"href":"https:\/\/cafearabo.com\/en\/wp-json\/wp\/v2\/product\/9191\/revisions"}],"predecessor-version":[{"id":9747,"href":"https:\/\/cafearabo.com\/en\/wp-json\/wp\/v2\/product\/9191\/revisions\/9747"}],"wp:featuredmedia":[{"embeddable":true,"href":"https:\/\/cafearabo.com\/en\/wp-json\/wp\/v2\/media\/9194"}],"wp:attachment":[{"href":"https:\/\/cafearabo.com\/en\/wp-json\/wp\/v2\/media?parent=9191"}],"wp:term":[{"taxonomy":"product_brand","embeddable":true,"href":"https:\/\/cafearabo.com\/en\/wp-json\/wp\/v2\/product_brand?post=9191"},{"taxonomy":"product_cat","embeddable":true,"href":"https:\/\/cafearabo.com\/en\/wp-json\/wp\/v2\/product_cat?post=9191"},{"taxonomy":"product_tag","embeddable":true,"href":"https:\/\/cafearabo.com\/en\/wp-json\/wp\/v2\/product_tag?post=9191"}],"curies":[{"name":"wp","href":"https:\/\/api.w.org\/{rel}","templated":true}]}}