{"id":9665,"date":"2024-01-03T16:51:20","date_gmt":"2024-01-03T15:51:20","guid":{"rendered":"https:\/\/cafearabo.com\/?post_type=product&#038;p=9665"},"modified":"2026-04-23T11:59:50","modified_gmt":"2026-04-23T10:59:50","slug":"infusion-de-poleo-menta-a-granel-en-lata-60g","status":"publish","type":"product","link":"https:\/\/cafearabo.com\/en\/producto\/infusion-de-poleo-menta-a-granel-en-lata-60g\/","title":{"rendered":"Infusi\u00f3n de poleo menta a granel en lata 60g"},"content":{"rendered":"<p>Disponible este formato de t\u00e9s e infusiones a granel de alta calidad para el sector de la restauraci\u00f3n y la hosteler\u00eda. Variedad de referencias a disposici\u00f3n para ofrecer a los clientes una infusi\u00f3n premium y de cultivo ecol\u00f3gico.<\/p>\n<p><strong>ORIGEN:<\/strong><br \/>\nPremium y de cultivo ecol\u00f3gico.<\/p>\n<p><strong>PERFIL AROM\u00c1TICO:<\/strong><br \/>\nDestacan los olores agradables.<\/p>\n<p><strong>INGREDIENTES Y AL\u00c9RGENOS:<\/strong><br \/>\n60 gramos de infusi\u00f3n de poleo menta. Envasado en atm\u00f3sfera protectora.<\/p>\n<p><strong>Ingredientes:<\/strong><br \/>\nPeso Neto (60 gramos)<br \/>\nMedidas del paquete:<br \/>\nElaborado en Espa\u00f1a<\/p>\n","protected":false},"excerpt":{"rendered":"<p>Infusiones de poleo menta en formato ahorro<\/p>\n<p><span dir=\"ltr\" role=\"presentation\">Unidad de venta: Envase en lata de 60 gr.<\/span><\/p>\n","protected":false},"featured_media":9841,"comment_status":"closed","ping_status":"closed","template":"","meta":[],"product_brand":[],"product_cat":[134,133],"product_tag":[114,138,137,136,113],"class_list":{"0":"post-9665","1":"product","2":"type-product","3":"status-publish","4":"has-post-thumbnail","6":"product_cat-granel","7":"product_cat-infusiones-y-tes","8":"product_tag-ecologico","9":"product_tag-granel","10":"product_tag-infusiones","11":"product_tag-lata","12":"product_tag-organico","14":"first","15":"instock","16":"taxable","17":"shipping-taxable","18":"purchasable","19":"product-type-simple"},"_links":{"self":[{"href":"https:\/\/cafearabo.com\/en\/wp-json\/wp\/v2\/product\/9665","targetHints":{"allow":["GET"]}}],"collection":[{"href":"https:\/\/cafearabo.com\/en\/wp-json\/wp\/v2\/product"}],"about":[{"href":"https:\/\/cafearabo.com\/en\/wp-json\/wp\/v2\/types\/product"}],"replies":[{"embeddable":true,"href":"https:\/\/cafearabo.com\/en\/wp-json\/wp\/v2\/comments?post=9665"}],"version-history":[{"count":3,"href":"https:\/\/cafearabo.com\/en\/wp-json\/wp\/v2\/product\/9665\/revisions"}],"predecessor-version":[{"id":9669,"href":"https:\/\/cafearabo.com\/en\/wp-json\/wp\/v2\/product\/9665\/revisions\/9669"}],"wp:featuredmedia":[{"embeddable":true,"href":"https:\/\/cafearabo.com\/en\/wp-json\/wp\/v2\/media\/9841"}],"wp:attachment":[{"href":"https:\/\/cafearabo.com\/en\/wp-json\/wp\/v2\/media?parent=9665"}],"wp:term":[{"taxonomy":"product_brand","embeddable":true,"href":"https:\/\/cafearabo.com\/en\/wp-json\/wp\/v2\/product_brand?post=9665"},{"taxonomy":"product_cat","embeddable":true,"href":"https:\/\/cafearabo.com\/en\/wp-json\/wp\/v2\/product_cat?post=9665"},{"taxonomy":"product_tag","embeddable":true,"href":"https:\/\/cafearabo.com\/en\/wp-json\/wp\/v2\/product_tag?post=9665"}],"curies":[{"name":"wp","href":"https:\/\/api.w.org\/{rel}","templated":true}]}}